{"id":2264,"date":"2015-01-21T12:05:02","date_gmt":"2015-01-21T12:05:02","guid":{"rendered":"https:\/\/dollama.org\/home\/"},"modified":"2022-09-27T09:15:22","modified_gmt":"2022-09-27T09:15:22","slug":"home","status":"publish","type":"page","link":"https:\/\/dollama.org\/sq\/","title":{"rendered":"Ballina"},"content":{"rendered":"<p>[vc_row top=&#8221;1px&#8221; bottom=&#8221;1px&#8221;][vc_column][vc_empty_space height=&#8221;5px&#8221;][\/vc_column][\/vc_row][vc_row full_content_width=&#8221;row-inner-full&#8221; parallax_bg=&#8221;parallax-bg&#8221; bg_cover=&#8221;cover&#8221; bg_repeat=&#8221;no-repeat&#8221; bg_position=&#8221;Center bottom&#8221; textalign=&#8221;center&#8221; top=&#8221;130px&#8221; bottom=&#8221;130px&#8221; font_color=&#8221;#ffffff&#8221; bg_color=&#8221;#3a281c&#8221; bg_image=&#8221;2039&#8243;][vc_column][vc_empty_space height=&#8221;160px&#8221;][vc_column_text]Me k\u00ebnaq\u00ebsi ju njoftojm\u00eb se 24 kandidat\u00eb kan\u00eb p\u00ebrfunduar trajnimin p\u00ebr artizanate \u201cPunimi i dollam\u00ebs\u201d.<br \/>\nJu mund t\u00eb kontaktoni secilin prej kandidat\u00ebve p\u00ebr porosin\u00eb tuaj unike, n\u00eb linkun e m\u00ebposht\u00ebm:[\/vc_column_text][vc_empty_space height=&#8221;40px&#8221;][mnky_button title=&#8221;Kandidat\u00ebt e certifikuar&#8221; bg_color=&#8221;#d12035&#8243; color=&#8221;#ffffff&#8221; bg_hover_color=&#8221;flat-watermelon&#8221; icon_type=&#8221;entypo&#8221; css_animation=&#8221;left-to-right&#8221; icon_entypo=&#8221;entypo-icon entypo-icon-user-add&#8221; link=&#8221;url:https%3A%2F%2Fdollama.org%2Fsq%2Fthe-training%2F&#8221;][\/vc_column][\/vc_row][vc_row top=&#8221;50px&#8221; bottom=&#8221;25px&#8221; bg_color=&#8221;#ffffff&#8221;][vc_column css=&#8221;.vc_custom_1663096618030{background-color: #ffffff !important;}&#8221;][vc_row_inner][vc_column_inner width=&#8221;1\/12&#8243;][vc_empty_space height=&#8221;50px&#8221;][\/vc_column_inner][vc_column_inner width=&#8221;2\/6&#8243;][mnky_team img_url=&#8221;1692&#8243; name=&#8221;Sebahat Kabashi&#8221; position=&#8221;Zejtare &amp; Instruktore e Dollam\u00ebs&#8221; css_animation=&#8221;fadeInLeft&#8221;]Punimi i dollam\u00ebs m\u00ebsohet por m\u00ebsimi vjen nga d\u00ebshira. N\u00ebse dikush ka d\u00ebshir\u00eb e m\u00ebson shpejt\u00eb dhe i b\u00ebn t\u00eb gjitha.[\/mnky_team][\/vc_column_inner][vc_column_inner width=&#8221;1\/6&#8243;][vc_empty_space height=&#8221;50px&#8221;][\/vc_column_inner][vc_column_inner width=&#8221;2\/6&#8243;][mnky_team img_url=&#8221;1688&#8243; name=&#8221;Zejxhan Celina&#8221; position=&#8221;Instruktore e Dollam\u00ebs&#8221; css_animation=&#8221;fadeInLeft&#8221;]Punimi i dollam\u00ebs nuk \u00ebsht\u00eb di\u00e7ka q\u00eb e fillon sot dhe e p\u00ebrfundon sot. Kjo e ka p\u00ebrfundimin pak m\u00eb t\u00eb gjat\u00eb q\u00eb k\u00ebrkon koh\u00eb dhe durim.[\/mnky_team][\/vc_column_inner][vc_column_inner width=&#8221;1\/12&#8243;][vc_empty_space height=&#8221;50px&#8221;][\/vc_column_inner][\/vc_row_inner][\/vc_column][\/vc_row][vc_row row_seperator=&#8221;row-line-seperator&#8221; top=&#8221;50px&#8221; bottom=&#8221;25px&#8221;][vc_column][mnky_heading title=&#8221;Kandidat\u00ebt q\u00eb tashm\u00eb e kan\u00eb p\u00ebrfunduar trajnimin.&#8221; subtitle=&#8221;\u00c7far\u00eb than\u00eb ata p\u00ebr Projektin? A po modernizohet &#8220;Dollama&#8220;?&#8221;][\/vc_column][\/vc_row][vc_row font_weight=&#8221;lighter&#8221; top=&#8221;35px&#8221; bottom=&#8221;50px&#8221;][vc_column width=&#8221;1\/3&#8243;][mnky_colored_box img_url=&#8221;1705&#8243; bg_color=&#8221;#2d2d2d&#8221; css_animation=&#8221;bottom-to-top&#8221;]<span style=\"color: #ffffff;\">Erdha k\u00ebtu sepse doja t\u00eb m\u00ebsoja dhe t\u00eb punoja n\u00eb k\u00ebt\u00eb zanat. Planet e mia p\u00ebr t\u00eb ardhmen jan\u00eb, n\u00ebse m\u00eb jepet mund\u00ebsia t\u00eb vazhdoj t\u00eb punoj nga sht\u00ebpia.<\/span>[\/mnky_colored_box][\/vc_column][vc_column width=&#8221;1\/3&#8243;][mnky_colored_box img_url=&#8221;1706&#8243; bg_color=&#8221;#e74d3d&#8221; css_animation=&#8221;bottom-to-top&#8221; css_animation_delay=&#8221;delay-300&#8243;]<span style=\"color: #ffffff;\">Q\u00ebllimi im \u00ebsht\u00eb q\u00eb t\u00eb p\u00ebrdoren k\u00ebto motive edhe n\u00eb veshjet e sotme, q\u00eb mos t\u00eb p\u00ebrdoren vet\u00ebm n\u00eb dasma. T\u00eb dizajnoj\u00eb q\u00eb t\u00eb p\u00ebrdoren edhe n\u00eb veshjet e p\u00ebrditshme.<\/span>[\/mnky_colored_box][\/vc_column][vc_column width=&#8221;1\/3&#8243;][mnky_colored_box img_url=&#8221;1708&#8243; bg_color=&#8221;#2d2d2d&#8221; css_animation=&#8221;bottom-to-top&#8221; css_animation_delay=&#8221;delay-600&#8243;]<span style=\"color: #ffffff;\">N\u00eb fillim ishte pak e v\u00ebshtir\u00eb. M\u00eb dridheshin duart kur e merrja gjilp\u00ebr\u00ebn. Por tani \u00ebsht\u00eb shum\u00eb m\u00eb mir\u00eb \u00ebsht\u00eb shum\u00eb e leht\u00eb.<\/span>[\/mnky_colored_box][\/vc_column][\/vc_row][vc_row font_weight=&#8221;lighter&#8221; top=&#8221;60px&#8221; bottom=&#8221;50px&#8221;][vc_column width=&#8221;1\/3&#8243;][mnky_colored_box img_url=&#8221;1712&#8243; bg_color=&#8221;#2d2d2d&#8221; css_animation=&#8221;bottom-to-top&#8221;]<span style=\"color: #ffffff;\">Punimet e b\u00ebra gjat\u00eb gjith\u00eb kursit sikur dollam\u00ebn, jelekun, pjes\u00ebt e k\u00ebmb\u00ebs, rripin, i kam reklamuar n\u00eb Instagram dhe n\u00eb Facebook. Pastaj mora nj\u00eb porosi.<\/span>[\/mnky_colored_box][\/vc_column][vc_column width=&#8221;1\/3&#8243;][mnky_colored_box img_url=&#8221;1710&#8243; bg_color=&#8221;#e74d3d&#8221; css_animation=&#8221;bottom-to-top&#8221; css_animation_delay=&#8221;delay-300&#8243;]<span style=\"color: #ffffff;\">Kisha d\u00ebshir\u00eb t\u00eb punoja dollama. P\u00ebrpara nuk e kisha rastin t\u00eb m\u00ebsoja k\u00ebt\u00eb zanat.<\/span>[\/mnky_colored_box][\/vc_column][vc_column width=&#8221;1\/3&#8243;][mnky_colored_box img_url=&#8221;1711&#8243; bg_color=&#8221;#2d2d2d&#8221; css_animation=&#8221;bottom-to-top&#8221; css_animation_delay=&#8221;delay-600&#8243;]<span style=\"color: #ffffff;\">M\u00eb p\u00eblqen puna aq shum\u00eb sa q\u00eb e kam marr\u00eb \u201cdollam\u00ebn\u201d n\u00eb sht\u00ebpi p\u00ebr t\u00eb vazhduar pun\u00ebn. Ne synojm\u00eb t\u00eb arrijm\u00eb tregun me k\u00ebt\u00eb zanat.<\/span>[\/mnky_colored_box][\/vc_column][\/vc_row][vc_row textalign=&#8221;right&#8221; bg_color=&#8221;#e74d3d&#8221; font_color=&#8221;#ffffff&#8221;][vc_column width=&#8221;5\/6&#8243; css=&#8221;.vc_custom_1426777723722{padding-right: 60px !important;}&#8221;][vc_column_text]<\/p>\n<p style=\"text-align: left;\"><span style=\"font-size: 24px;\">&#8220;Dollama, nj\u00eb pasuri kulturore e Kosov\u00ebs&#8221;<\/span><\/p>\n<p style=\"text-align: left;\">Dollama.org synon t\u00eb ndihmoj\u00eb grat\u00eb q\u00eb kan\u00eb mbaruar trajnimin p\u00ebr prodhimin e dollamave (veshje tradicionale p\u00ebr nuset n\u00eb Kosov\u00eb) p\u00ebr t\u2019i vendosur n\u00eb kontakt me bler\u00ebs potencial, duke sh\u00ebrbyer k\u00ebshtu si nj\u00eb platform\u00eb p\u00ebr promovimin e pun\u00ebsimit t\u00eb grave.<\/p>\n<p>[\/vc_column_text][\/vc_column][vc_column width=&#8221;1\/6&#8243;][vc_single_image image=&#8221;2279&#8243; img_size=&#8221;full&#8221; alignment=&#8221;center&#8221; onclick=&#8221;custom_link&#8221; link=&#8221;https:\/\/dollama.org\/sq\/the-training\/&#8221;][\/vc_column][\/vc_row][vc_row top=&#8221;20px&#8221; bottom=&#8221;20px&#8221;][vc_column][vc_column_text][\/vc_column_text][\/vc_column][\/vc_row][vc_row top=&#8221;40px&#8221; bottom=&#8221;40px&#8221; bg_color=&#8221;#000000&#8243;][vc_column][vc_column_text]<strong>Kjo webfaqe \u00ebsht\u00eb zhvilluar me mb\u00ebshtetjen financiare t\u00eb Bashkimit Evropian.<\/strong> P\u00ebrmbajta e saj \u00ebsht\u00eb p\u00ebrgjegj\u00ebsi e vetme e organizat\u00ebs &#8220;EC Ma Ndryshe&#8221; dhe n\u00eb asnj\u00eb m\u00ebnyr\u00eb nuk paraqet pik\u00ebpamjet e Bashkimit Evropian dhe t\u00eb partnerit implementues Programit t\u00eb Kombeve t\u00eb Bashkuara p\u00ebr Zhvillim (UNDP).<\/p>\n<p>Projekti i zbatuar nga OJQ EC Ma Ndryshe &#8220;Dollama, nj\u00eb pasuri kulturore e Kosov\u00ebs&#8221; \u00ebsht\u00eb pjes\u00eb e grantit t\u00eb financuar nga projekti &#8220;Trash\u00ebgimia Kulturore si Nxit\u00ebse e Dialogut Nd\u00ebrmjet Komuniteteve dhe Kohezionit Social&#8221; q\u00eb financohet nga Sh\u00ebrbimi p\u00ebr Instrumentet e Politik\u00ebs s\u00eb Jashtme t\u00eb Bashkimit Evropian (FPI) dhe i zbatuar nga Programi i Kombeve t\u00eb Bashkuara p\u00ebr Zhvillim (UNDP).[\/vc_column_text][vc_empty_space height=&#8221;10px&#8221;][\/vc_column][\/vc_row][vc_row top=&#8221;20px&#8221; bottom=&#8221;20px&#8221;][vc_column][vc_column_text][\/vc_column_text][\/vc_column][\/vc_row][vc_row top=&#8221;10px&#8221; bottom=&#8221;10px&#8221; bg_color=&#8221;#0a0a0a&#8221;][vc_column][vc_column_text]<\/p>\n<p style=\"text-align: center;\">\u00a9 2022\u00a0<a title=\"EC Ma Ndryshe\" href=\"https:\/\/www.ecmandryshe.org\/\" rel=\"nofollow\">EC Ma Ndryshe<\/a><\/p>\n<p>[\/vc_column_text][\/vc_column][\/vc_row]<\/p>\n","protected":false},"excerpt":{"rendered":"<p>[vc_row top=&#8221;1px&#8221; bottom=&#8221;1px&#8221;][vc_column][vc_empty_space height=&#8221;5px&#8221;][\/vc_column][\/vc_row][vc_row full_content_width=&#8221;row-inner-full&#8221; parallax_bg=&#8221;parallax-bg&#8221; bg_cover=&#8221;cover&#8221; bg_repeat=&#8221;no-repeat&#8221; bg_position=&#8221;Center bottom&#8221; textalign=&#8221;center&#8221; top=&#8221;130px&#8221; bottom=&#8221;130px&#8221; font_color=&#8221;#ffffff&#8221; bg_color=&#8221;#3a281c&#8221; bg_image=&#8221;2039&#8243;][vc_column][vc_empty_space height=&#8221;160px&#8221;][vc_column_text]Me k\u00ebnaq\u00ebsi ju njoftojm\u00eb se 24 kandidat\u00eb kan\u00eb p\u00ebrfunduar trajnimin p\u00ebr artizanate \u201cPunimi i dollam\u00ebs\u201d. Ju mund t\u00eb kontaktoni secilin prej kandidat\u00ebve p\u00ebr porosin\u00eb tuaj unike, n\u00eb linkun e m\u00ebposht\u00ebm:[\/vc_column_text][vc_empty_space height=&#8221;40px&#8221;][mnky_button title=&#8221;Kandidat\u00ebt e certifikuar&#8221; bg_color=&#8221;#d12035&#8243; color=&#8221;#ffffff&#8221; bg_hover_color=&#8221;flat-watermelon&#8221; icon_type=&#8221;entypo&#8221; css_animation=&#8221;left-to-right&#8221; [&hellip;]<\/p>\n","protected":false},"author":1,"featured_media":0,"parent":0,"menu_order":0,"comment_status":"open","ping_status":"open","template":"page-full-width.php","meta":[],"_links":{"self":[{"href":"https:\/\/dollama.org\/sq\/wp-json\/wp\/v2\/pages\/2264"}],"collection":[{"href":"https:\/\/dollama.org\/sq\/wp-json\/wp\/v2\/pages"}],"about":[{"href":"https:\/\/dollama.org\/sq\/wp-json\/wp\/v2\/types\/page"}],"author":[{"embeddable":true,"href":"https:\/\/dollama.org\/sq\/wp-json\/wp\/v2\/users\/1"}],"replies":[{"embeddable":true,"href":"https:\/\/dollama.org\/sq\/wp-json\/wp\/v2\/comments?post=2264"}],"version-history":[{"count":27,"href":"https:\/\/dollama.org\/sq\/wp-json\/wp\/v2\/pages\/2264\/revisions"}],"predecessor-version":[{"id":2526,"href":"https:\/\/dollama.org\/sq\/wp-json\/wp\/v2\/pages\/2264\/revisions\/2526"}],"wp:attachment":[{"href":"https:\/\/dollama.org\/sq\/wp-json\/wp\/v2\/media?parent=2264"}],"curies":[{"name":"wp","href":"https:\/\/api.w.org\/{rel}","templated":true}]}}