{"id":2291,"date":"2022-09-15T15:32:01","date_gmt":"2022-09-15T15:32:01","guid":{"rendered":"https:\/\/dollama.org\/the-video\/"},"modified":"2022-09-26T12:57:08","modified_gmt":"2022-09-26T12:57:08","slug":"the-video","status":"publish","type":"page","link":"https:\/\/dollama.org\/sq\/the-video\/","title":{"rendered":"Dokumentari"},"content":{"rendered":"<p>[vc_row top=&#8221;1px&#8221; bottom=&#8221;1px&#8221;][vc_column][vc_empty_space height=&#8221;5px&#8221;][\/vc_column][\/vc_row][vc_row][vc_column][vc_video link=&#8221;https:\/\/youtu.be\/qsa2kpmeLxQ&#8221; align=&#8221;center&#8221;][\/vc_column][\/vc_row][vc_row textalign=&#8221;right&#8221; bg_color=&#8221;#e74d3d&#8221; font_color=&#8221;#ffffff&#8221;][vc_column width=&#8221;5\/6&#8243; css=&#8221;.vc_custom_1426777723722{padding-right: 60px !important;}&#8221;][vc_column_text]<\/p>\n<p style=\"text-align: left;\"><span style=\"font-size: 24px;\">&#8220;Dollama, nj\u00eb pasuri kulturore e Kosov\u00ebs&#8221;<\/span><\/p>\n<p style=\"text-align: left;\">Dollama.org synon t\u00eb ndihmoj\u00eb grat\u00eb q\u00eb kan\u00eb mbaruar trajnimin p\u00ebr prodhimin e dollamave (veshje tradicionale p\u00ebr nuset n\u00eb Kosov\u00eb) p\u00ebr t\u2019i vendosur n\u00eb kontakt me bler\u00ebs potencial, duke sh\u00ebrbyer k\u00ebshtu si nj\u00eb platform\u00eb p\u00ebr promovimin e pun\u00ebsimit t\u00eb grave.<\/p>\n<p>[\/vc_column_text][\/vc_column][vc_column width=&#8221;1\/6&#8243;][vc_single_image image=&#8221;2293&#8243; img_size=&#8221;full&#8221; alignment=&#8221;center&#8221; onclick=&#8221;custom_link&#8221; link=&#8221;https:\/\/dollama.org\/sq\/the-training\/&#8221;][\/vc_column][\/vc_row][vc_row top=&#8221;20px&#8221; bottom=&#8221;20px&#8221;][vc_column][vc_column_text][\/vc_column_text][\/vc_column][\/vc_row][vc_row top=&#8221;40px&#8221; bottom=&#8221;20px&#8221; bg_color=&#8221;#000000&#8243;][vc_column][vc_column_text]<strong>Kjo webfaqe \u00ebsht\u00eb zhvilluar me mb\u00ebshtetjen financiare t\u00eb Bashkimit Evropian.<\/strong> P\u00ebrmbajta e saj \u00ebsht\u00eb p\u00ebrgjegj\u00ebsi e vetme e organizat\u00ebs &#8220;EC Ma Ndryshe&#8221; dhe n\u00eb asnj\u00eb m\u00ebnyr\u00eb nuk paraqet pik\u00ebpamjet e Bashkimit Evropian dhe t\u00eb partnerit implementues Programit t\u00eb Kombeve t\u00eb Bashkuara p\u00ebr Zhvillim (UNDP).<\/p>\n<p>Projekti i zbatuar nga OJQ EC Ma Ndryshe &#8220;Dollama, nj\u00eb pasuri kulturore e Kosov\u00ebs&#8221; \u00ebsht\u00eb pjes\u00eb e grantit t\u00eb financuar nga projekti &#8220;Trash\u00ebgimia Kulturore si Nxit\u00ebse e Dialogut Nd\u00ebrmjet Komuniteteve dhe Kohezionit Social&#8221; q\u00eb financohet nga Sh\u00ebrbimi p\u00ebr Instrumentet e Politik\u00ebs s\u00eb Jashtme t\u00eb Bashkimit Evropian (FPI) dhe i zbatuar nga Programi i Kombeve t\u00eb Bashkuara p\u00ebr Zhvillim (UNDP).[\/vc_column_text][vc_empty_space height=&#8221;10px&#8221;][\/vc_column][\/vc_row][vc_row top=&#8221;20px&#8221; bottom=&#8221;20px&#8221;][vc_column][vc_column_text][\/vc_column_text][\/vc_column][\/vc_row][vc_row top=&#8221;10px&#8221; bottom=&#8221;10px&#8221; bg_color=&#8221;#0a0a0a&#8221;][vc_column][vc_column_text]<\/p>\n<p style=\"text-align: center;\">\u00a9 2022\u00a0<a title=\"EC Ma Ndryshe\" href=\"https:\/\/www.ecmandryshe.org\/\" rel=\"nofollow\">EC Ma Ndryshe<\/a><\/p>\n<p>[\/vc_column_text][\/vc_column][\/vc_row]<\/p>\n","protected":false},"excerpt":{"rendered":"<p>[vc_row top=&#8221;1px&#8221; bottom=&#8221;1px&#8221;][vc_column][vc_empty_space height=&#8221;5px&#8221;][\/vc_column][\/vc_row][vc_row][vc_column][vc_video link=&#8221;https:\/\/youtu.be\/qsa2kpmeLxQ&#8221; align=&#8221;center&#8221;][\/vc_column][\/vc_row][vc_row textalign=&#8221;right&#8221; bg_color=&#8221;#e74d3d&#8221; font_color=&#8221;#ffffff&#8221;][vc_column width=&#8221;5\/6&#8243; css=&#8221;.vc_custom_1426777723722{padding-right: 60px !important;}&#8221;][vc_column_text] &#8220;Dollama, nj\u00eb pasuri kulturore e Kosov\u00ebs&#8221; Dollama.org synon t\u00eb ndihmoj\u00eb grat\u00eb q\u00eb kan\u00eb mbaruar trajnimin p\u00ebr prodhimin e dollamave (veshje tradicionale p\u00ebr nuset n\u00eb Kosov\u00eb) p\u00ebr t\u2019i vendosur n\u00eb kontakt me bler\u00ebs potencial, duke sh\u00ebrbyer k\u00ebshtu si nj\u00eb platform\u00eb p\u00ebr promovimin e [&hellip;]<\/p>\n","protected":false},"author":1,"featured_media":0,"parent":0,"menu_order":0,"comment_status":"closed","ping_status":"closed","template":"page-full-width.php","meta":[],"_links":{"self":[{"href":"https:\/\/dollama.org\/sq\/wp-json\/wp\/v2\/pages\/2291"}],"collection":[{"href":"https:\/\/dollama.org\/sq\/wp-json\/wp\/v2\/pages"}],"about":[{"href":"https:\/\/dollama.org\/sq\/wp-json\/wp\/v2\/types\/page"}],"author":[{"embeddable":true,"href":"https:\/\/dollama.org\/sq\/wp-json\/wp\/v2\/users\/1"}],"replies":[{"embeddable":true,"href":"https:\/\/dollama.org\/sq\/wp-json\/wp\/v2\/comments?post=2291"}],"version-history":[{"count":6,"href":"https:\/\/dollama.org\/sq\/wp-json\/wp\/v2\/pages\/2291\/revisions"}],"predecessor-version":[{"id":2503,"href":"https:\/\/dollama.org\/sq\/wp-json\/wp\/v2\/pages\/2291\/revisions\/2503"}],"wp:attachment":[{"href":"https:\/\/dollama.org\/sq\/wp-json\/wp\/v2\/media?parent=2291"}],"curies":[{"name":"wp","href":"https:\/\/api.w.org\/{rel}","templated":true}]}}