{"id":2298,"date":"2022-09-15T17:17:17","date_gmt":"2022-09-15T17:17:17","guid":{"rendered":"https:\/\/dollama.org\/the-project\/"},"modified":"2022-09-27T10:39:21","modified_gmt":"2022-09-27T10:39:21","slug":"the-project","status":"publish","type":"page","link":"https:\/\/dollama.org\/sq\/the-project\/","title":{"rendered":"Projekti"},"content":{"rendered":"<p>[vc_row row_seperator=&#8221;row-line-seperator&#8221; top=&#8221;30px&#8221; bottom=&#8221;0px&#8221;][vc_column][mnky_heading title=&#8221;&#8220;Dollama, nj\u00eb pasuri kulturore e Kosov\u00ebs&#8220;&#8221;][\/vc_column][\/vc_row][vc_row top=&#8221;35px&#8221;][vc_column][vc_column_text]Dollama.org synon t\u00eb ndihmoj\u00eb grat\u00eb q\u00eb kan\u00eb mbaruar trajnimin p\u00ebr prodhimin e dollamave (veshje tradicionale p\u00ebr nuset n\u00eb Kosov\u00eb) p\u00ebr t\u2019i vendosur n\u00eb kontakt me bler\u00ebs potencial, duke sh\u00ebrbyer k\u00ebshtu si nj\u00eb platform\u00eb p\u00ebr promovimin e pun\u00ebsimit t\u00eb grave. P\u00ebr t\u00eb leht\u00ebsuar k\u00ebt\u00eb rrjet\u00ebzim, platforma p\u00ebrmban informacionet e kontaktit t\u00eb t\u00eb gjitha grave t\u00eb trajnuara, p\u00ebr t\u00eb aplikuar k\u00ebt\u00eb zanat p\u00ebrmes mb\u00ebshtetjes s\u00eb projektit.<\/p>\n<p>Mjesht\u00ebria tradicionale \u00ebsht\u00eb ndoshta manifestimi m\u00eb i preksh\u00ebm. Nj\u00eb tradit\u00eb e till\u00eb \u00ebsht\u00eb punimi me dor\u00eb i dollam\u00ebs, nj\u00eb veshje tradicionale p\u00ebr nuset n\u00eb Kosov\u00eb. Dollama, krahas zakoneve t\u00eb tjera tradicionale p\u00ebrdoret n\u00eb dasma dhe ceremoni tjera t\u00eb organizuara nga qytetar\u00ebt n\u00eb Kosov\u00eb dhe diaspora e saj. Edhe pse synohet t\u00eb p\u00ebrdoret p\u00ebr nj\u00eb koh\u00eb relativisht t\u00eb shkurt\u00ebr, dollama \u00ebsht\u00eb nj\u00eb tradit\u00eb shum\u00eb specifike pasi transmetohet brez pas brezi. Derisa disa nga elementet dhe teknika e p\u00ebrpunimit mund t\u00eb ken\u00eb p\u00ebsuar ndyshime t\u00eb vogla, traditat e krijimit dhe paraqitjes s\u00eb dizajnit jan\u00eb ruajtur. Nj\u00eb tjet\u00ebr element i r\u00ebnd\u00ebsish\u00ebm i k\u00ebsaj zeje \u00ebsht\u00eb se p\u00ebrdoret nga t\u00eb gjitha komunitetet q\u00eb jetojn\u00eb n\u00eb Kosov\u00eb, ku secili komunitet ka elemente apo dizajne unike t\u00eb k\u00ebsaj veshjeje tradicionale.<\/p>\n<p>Mir\u00ebpo, ashtu si shum\u00eb zanate t\u00eb tjera t\u00eb trash\u00ebgimis\u00eb shpirt\u00ebrore, tradita e p\u00ebrpunimit t\u00eb dollam\u00ebs \u00ebsht\u00eb gjithashtu n\u00eb rrezik p\u00ebr shkak t\u00eb shum\u00eb faktor\u00ebve si: prodhimi masiv (industrial), globalizmi, etj., ve\u00e7an\u00ebrisht pasi njohurit\u00eb dhe aft\u00ebsit\u00eb q\u00eb lidhen me t\u00eb nuk p\u00ebrcillen n\u00eb brezat e rinj\u00eb dhe procesi nuk \u00ebsht\u00eb i dokumentuar n\u00eb m\u00ebnyr\u00eb t\u00eb duhur. P\u00ebrve\u00e7 k\u00ebsaj, vet\u00ebm nj\u00eb pjes\u00eb e vog\u00ebl e bizneseve t\u00eb vogla prodhojn\u00eb\/p\u00ebrpunojn\u00eb dollama. K\u00ebshtu, bazuar n\u00eb t\u00eb dh\u00ebnat e cekura m\u00eb sip\u00ebr dhe angazhimit t\u00eb vazhduesh\u00ebm t\u00eb EC Ma Ndryshe p\u00ebr mbrojtjen dhe avancimin e trash\u00ebgimis\u00eb kulturore, ky projekt kishte p\u00ebr q\u00ebllim q\u00eb t\u00eb kontribuoj\u00eb n\u00eb ruajtjen e k\u00ebsaj tradite me fokus n\u00eb Rajonin Zhvillimor Jug gjegj\u00ebsisht komun\u00ebn e Prizrenit, Dragashit, Mamush\u00ebs, Rahovecit, Suharek\u00ebs dhe Malishev\u00ebs. P\u00ebr m\u00eb tep\u00ebr, projekti synon t\u00eb dokumentoj\u00eb dhe ta promovoj\u00eb k\u00ebt\u00eb tradit\u00eb, si dhe t\u00eb kontribuoj\u00eb n\u00eb uljen e papun\u00ebsis\u00eb duke rritur mund\u00ebsit\u00eb e grave t\u00eb trajnuara p\u00ebr vet\u00ebpun\u00ebsim apo angazhim n\u00eb themelimin e bizneseve.<\/p>\n<p>M\u00eb konkretisht, rezultatet e arritura nga ky projekt jan\u00eb: i. kontributi n\u00eb trash\u00ebgimin\u00eb e zanatit t\u00eb prodhimit n\u00eb m\u00ebnyr\u00eb pun\u00ebdore t\u00eb veshjeve tradicionale t\u00eb nus\u00ebris\u00eb -dollamave duke trajnuar 24 gra\/vajza nga t\u00eb gjitha komunitetet q\u00eb jetojn\u00eb n\u00eb Rajonin Zhvillimor Jug p\u00ebr t\u00eb prodhuar dollama pun\u00ebdore; ii. asistimi i 6 gra\/vajza\u2019ve duke siguruar l\u00ebnd\u00eb t\u00eb para dhe mjete p\u00ebr t\u00eb kryer individualisht k\u00ebt\u00eb zanat; iii. promovimi i turizmit kulturor t\u00eb Rajonit Zhvillimor Jug p\u00ebr turist\u00ebt vendas dhe t\u00eb huaj me fokus n\u00eb veshjet tradicionale t\u00eb nus\u00ebris\u00eb p\u00ebrmes k\u00ebsaj platforme, video dokumentarit dhe panairit.[\/vc_column_text][\/vc_column][\/vc_row][vc_row top=&#8221;20px&#8221; bottom=&#8221;20px&#8221;][vc_column][vc_column_text][\/vc_column_text][\/vc_column][\/vc_row][vc_row top=&#8221;40px&#8221; bottom=&#8221;20px&#8221; bg_color=&#8221;#000000&#8243;][vc_column][vc_column_text]<strong>Kjo webfaqe \u00ebsht\u00eb zhvilluar me mb\u00ebshtetjen financiare t\u00eb Bashkimit Evropian<\/strong>. P\u00ebrmbajta e saj \u00ebsht\u00eb p\u00ebrgjegj\u00ebsi e vetme e organizat\u00ebs &#8220;EC Ma Ndryshe&#8221; dhe n\u00eb asnj\u00eb m\u00ebnyr\u00eb nuk paraqet pik\u00ebpamjet e Bashkimit Evropian dhe t\u00eb partnerit implementues Programit t\u00eb Kombeve t\u00eb Bashkuara p\u00ebr Zhvillim (UNDP).<\/p>\n<p>Projekti i zbatuar nga OJQ EC Ma Ndryshe &#8220;Dollama, nj\u00eb pasuri kulturore e Kosov\u00ebs&#8221; \u00ebsht\u00eb pjes\u00eb e grantit t\u00eb financuar nga projekti &#8220;Trash\u00ebgimia Kulturore si Nxit\u00ebse e Dialogut Nd\u00ebrmjet Komuniteteve dhe Kohezionit Social&#8221; q\u00eb financohet nga Sh\u00ebrbimi p\u00ebr Instrumentet e Politik\u00ebs s\u00eb Jashtme t\u00eb Bashkimit Evropian (FPI) dhe i zbatuar nga Programi i Kombeve t\u00eb Bashkuara p\u00ebr Zhvillim (UNDP).[\/vc_column_text][vc_empty_space height=&#8221;10px&#8221;][\/vc_column][\/vc_row][vc_row top=&#8221;20px&#8221; bottom=&#8221;20px&#8221;][vc_column][vc_column_text][\/vc_column_text][\/vc_column][\/vc_row][vc_row full_content_width=&#8221;row-inner-full&#8221; top=&#8221;10px&#8221; bottom=&#8221;10px&#8221; bg_color=&#8221;#0a0a0a&#8221;][vc_column][vc_column_text]<\/p>\n<p style=\"text-align: center;\">\u00a9 2022\u00a0EC Ma Ndryshe<\/p>\n<p>[\/vc_column_text][\/vc_column][\/vc_row]<\/p>\n","protected":false},"excerpt":{"rendered":"<p>[vc_row row_seperator=&#8221;row-line-seperator&#8221; top=&#8221;30px&#8221; bottom=&#8221;0px&#8221;][vc_column][mnky_heading title=&#8221;&#8220;Dollama, nj\u00eb pasuri kulturore e Kosov\u00ebs&#8220;&#8221;][\/vc_column][\/vc_row][vc_row top=&#8221;35px&#8221;][vc_column][vc_column_text]Dollama.org synon t\u00eb ndihmoj\u00eb grat\u00eb q\u00eb kan\u00eb mbaruar trajnimin p\u00ebr prodhimin e dollamave (veshje tradicionale p\u00ebr nuset n\u00eb Kosov\u00eb) p\u00ebr t\u2019i vendosur n\u00eb kontakt me bler\u00ebs potencial, duke sh\u00ebrbyer k\u00ebshtu si nj\u00eb platform\u00eb p\u00ebr promovimin e pun\u00ebsimit t\u00eb grave. P\u00ebr t\u00eb leht\u00ebsuar k\u00ebt\u00eb rrjet\u00ebzim, platforma [&hellip;]<\/p>\n","protected":false},"author":1,"featured_media":0,"parent":0,"menu_order":0,"comment_status":"closed","ping_status":"closed","template":"page-full-width.php","meta":[],"_links":{"self":[{"href":"https:\/\/dollama.org\/sq\/wp-json\/wp\/v2\/pages\/2298"}],"collection":[{"href":"https:\/\/dollama.org\/sq\/wp-json\/wp\/v2\/pages"}],"about":[{"href":"https:\/\/dollama.org\/sq\/wp-json\/wp\/v2\/types\/page"}],"author":[{"embeddable":true,"href":"https:\/\/dollama.org\/sq\/wp-json\/wp\/v2\/users\/1"}],"replies":[{"embeddable":true,"href":"https:\/\/dollama.org\/sq\/wp-json\/wp\/v2\/comments?post=2298"}],"version-history":[{"count":8,"href":"https:\/\/dollama.org\/sq\/wp-json\/wp\/v2\/pages\/2298\/revisions"}],"predecessor-version":[{"id":2545,"href":"https:\/\/dollama.org\/sq\/wp-json\/wp\/v2\/pages\/2298\/revisions\/2545"}],"wp:attachment":[{"href":"https:\/\/dollama.org\/sq\/wp-json\/wp\/v2\/media?parent=2298"}],"curies":[{"name":"wp","href":"https:\/\/api.w.org\/{rel}","templated":true}]}}