{"id":2304,"date":"2022-09-16T08:31:33","date_gmt":"2022-09-16T08:31:33","guid":{"rendered":"https:\/\/dollama.org\/the-training\/"},"modified":"2022-09-27T10:12:35","modified_gmt":"2022-09-27T10:12:35","slug":"the-training","status":"publish","type":"page","link":"https:\/\/dollama.org\/sq\/the-training\/","title":{"rendered":"Trajnimi"},"content":{"rendered":"<p>[vc_row row_seperator=&#8221;row-line-seperator&#8221; top=&#8221;30px&#8221; bottom=&#8221;0px&#8221;][vc_column][mnky_heading title=&#8221;Trajnimi&#8221; subtitle=&#8221;Kandidat\u00ebt e \u00c7ertifikuar &#8211; Lista e kontakteve&#8221;][\/vc_column][\/vc_row][vc_row top=&#8221;20px&#8221; bottom=&#8221;20px&#8221;][vc_column][vc_images_carousel images=&#8221;2321,2206,2210,2214,2325,2223,2329,2227,2231,2235,2239,2243,2247,2333,1996,2000,2004,2337,2251,2255,2259&#8243; img_size=&#8221;full&#8221;][\/vc_column][\/vc_row][vc_row top=&#8221;35px&#8221; bottom=&#8221;35px&#8221;][vc_column][mnky_heading title=&#8221;Kontaktoni me ndonj\u00ebr\u00ebn prej kanditateve t\u00eb trajnimit p\u00ebr t\u00eb porositur nj\u00eb dollam\u00eb pun\u00eb dore&#8221; subtitle=&#8221;Informatat kontaktuese t\u00eb t\u00eb gjitha grave t\u00eb trajnuara p\u00ebr t\u00eb aplikuar k\u00ebt\u00eb zanat, p\u00ebrmes mb\u00ebshtetjes s\u00eb projektit.&#8221;][\/vc_column][\/vc_row][vc_row top=&#8221;25px&#8221; bottom=&#8221;10px&#8221;][vc_column width=&#8221;1\/2&#8243;][vc_cta h2=&#8221;&#8221; add_icon=&#8221;left&#8221; i_icon_fontawesome=&#8221;far fa-address-card&#8221; i_color=&#8221;pink&#8221; css_animation=&#8221;none&#8221; i_on_border=&#8221;true&#8221;]<strong>Minire Binaj<\/strong><br \/>\nStudente e \u00e7ertifikuar<br \/>\n<strong>Email:<\/strong> <a href=\"mailto:minirebinaj01@gmail.com\" target=\"_blank\" rel=\"noopener\">minirebinaj01@gmail.com<\/a><br \/>\n<strong>Numri i telefonit:<\/strong> <a href=\"https:\/\/link-to-tel.herokuapp.com\/tel\/%2B38349244699\" target=\"_blank\" rel=\"noopener\">+38349244699<\/a><br \/>\n<strong><a href=\"https:\/\/www.facebook.com\/profile.php?id=100009087362608\" target=\"_blank\" rel=\"noopener\">Llogaria n\u00eb Facebook<\/a><\/strong><br \/>\n<a href=\"https:\/\/www.instagram.com\/addnajbi\/\" target=\"_blank\" rel=\"noopener\"><strong>Llogaria n\u00eb Instagram<\/strong><\/a>[\/vc_cta][\/vc_column][vc_column width=&#8221;1\/2&#8243;][vc_cta h2=&#8221;&#8221; add_icon=&#8221;left&#8221; i_icon_fontawesome=&#8221;far fa-address-card&#8221; i_color=&#8221;pink&#8221; css_animation=&#8221;none&#8221; i_on_border=&#8221;true&#8221;]<strong>Rilinda Halimi<\/strong><br \/>\nStudente e \u00e7ertifikuar<br \/>\n<strong>Email:<\/strong> <a href=\"mailto:rilindahalimi928@gmial.com\" target=\"_blank\" rel=\"noopener\">rilindahalimi928@gmial.com<\/a><br \/>\n<strong>Numri i telefonit:<\/strong> <a href=\"https:\/\/link-to-tel.herokuapp.com\/tel\/%2B38349321034\">+38349321034<\/a><br \/>\n<a href=\"https:\/\/www.facebook.com\/erta.halimi\" target=\"_blank\" rel=\"noopener\"><strong>Llogaria n\u00eb Facebook<\/strong><\/a><br \/>\n<a href=\"https:\/\/www.instagram.com\/lindaa_erta\/\" target=\"_blank\" rel=\"noopener\"><strong>Llogaria n\u00eb Instagram<\/strong><\/a>[\/vc_cta][\/vc_column][\/vc_row][vc_row top=&#8221;10px&#8221; bottom=&#8221;10px&#8221;][vc_column width=&#8221;1\/2&#8243;][vc_cta h2=&#8221;&#8221; add_icon=&#8221;left&#8221; i_icon_fontawesome=&#8221;far fa-address-card&#8221; i_color=&#8221;pink&#8221; css_animation=&#8221;none&#8221; i_on_border=&#8221;true&#8221;]<strong>Seniha Gashi<\/strong><br \/>\nStudente e \u00e7ertifikuar<br \/>\n<strong>Email:<\/strong> <a href=\"mailto:senijagashi@gmail.com\" target=\"_blank\" rel=\"noopener\">senijagashi@gmail.com<\/a><br \/>\n<strong>Numri i telefonit:<\/strong> <a href=\"https:\/\/link-to-tel.herokuapp.com\/tel\/%2B38344242996\" target=\"_blank\" rel=\"noopener\">+38344242996<\/a><br \/>\n<a href=\"https:\/\/www.facebook.com\/seniha.gashi.66\" target=\"_blank\" rel=\"noopener\"><strong>Llogaria n\u00eb Facebook<\/strong><\/a><br \/>\n<a href=\"https:\/\/www.instagram.com\/seniha_gashi\/\" target=\"_blank\" rel=\"noopener\"><strong>Llogaria n\u00eb Instagram<\/strong><\/a>[\/vc_cta][\/vc_column][vc_column width=&#8221;1\/2&#8243;][vc_cta h2=&#8221;&#8221; add_icon=&#8221;left&#8221; i_icon_fontawesome=&#8221;far fa-address-card&#8221; i_color=&#8221;pink&#8221; css_animation=&#8221;none&#8221; i_on_border=&#8221;true&#8221;]<strong>Behare Kolukaj<\/strong><br \/>\nStudente e \u00e7ertifikuar<br \/>\n<strong>Email:<\/strong> <a href=\"mailto:beharenasufaj75@gmail.com\" target=\"_blank\" rel=\"noopener\">beharenasufaj75@gmail.com<\/a><br \/>\n<strong>Numri i telefonit:<\/strong> <a href=\"https:\/\/link-to-tel.herokuapp.com\/tel\/%2B38349651450\" target=\"_blank\" rel=\"noopener\">+38349651450<\/a><br \/>\n<a href=\"https:\/\/www.facebook.com\/andi.kolukaj\" target=\"_blank\" rel=\"noopener\"><strong>Llogaria n\u00eb Facebook<\/strong><\/a><br \/>\n<a href=\"https:\/\/www.instagram.com\/b.kolukaj\/\" target=\"_blank\" rel=\"noopener\"><strong>Llogaria n\u00eb Instagram<\/strong><\/a>[\/vc_cta][\/vc_column][\/vc_row][vc_row top=&#8221;10px&#8221; bottom=&#8221;10px&#8221;][vc_column width=&#8221;1\/2&#8243;][vc_cta h2=&#8221;&#8221; add_icon=&#8221;left&#8221; i_icon_fontawesome=&#8221;far fa-address-card&#8221; i_color=&#8221;pink&#8221; css_animation=&#8221;none&#8221; i_on_border=&#8221;true&#8221;]<strong>Merdinant Hal\u00e7e<\/strong><br \/>\nStudente e \u00e7ertifikuar<br \/>\n<strong>Email:<\/strong> <a href=\"mailto:merdinant@yahoo.com\" target=\"_blank\" rel=\"noopener\">merdinant@yahoo.com<\/a><br \/>\n<strong>Numri i telefonit:<\/strong> <a href=\"https:\/\/link-to-tel.herokuapp.com\/tel\/%2B38344689629\" target=\"_blank\" rel=\"noopener\">+38344689629<\/a><br \/>\n<a href=\"https:\/\/www.facebook.com\/merdinant.halce\" target=\"_blank\" rel=\"noopener\"><strong>Llogaria n\u00eb Facebook<\/strong><\/a><br \/>\n<a href=\"https:\/\/www.instagram.com\/merdinant\/\" target=\"_blank\" rel=\"noopener\"><strong>Llogaria n\u00eb Instagram<\/strong><\/a><\/p>\n<div><\/div>\n<p>[\/vc_cta][\/vc_column][vc_column width=&#8221;1\/2&#8243;][vc_cta h2=&#8221;&#8221; add_icon=&#8221;left&#8221; i_icon_fontawesome=&#8221;far fa-address-card&#8221; i_color=&#8221;pink&#8221; css_animation=&#8221;none&#8221; i_on_border=&#8221;true&#8221;]<strong>Gjeneta Veshall<\/strong><br \/>\nStudente e \u00e7ertifikuar<br \/>\n<strong>Email:<\/strong> <a href=\"mailto:gjeneta97@gmail.com\" target=\"_blank\" rel=\"noopener\">gjeneta97@gmail.com<\/a><br \/>\n<strong>Numri i telefonit:<\/strong> <a href=\"https:\/\/link-to-tel.herokuapp.com\/tel\/%2B38344414347\" target=\"_blank\" rel=\"noopener\">+38344414347<\/a><br \/>\n<a href=\"https:\/\/www.facebook.com\/profile.php?id=100011808125915\" target=\"_blank\" rel=\"noopener\"><strong>Llogaria n\u00eb Facebook<\/strong><\/a><br \/>\n<a href=\"https:\/\/www.instagram.com\/xhenetaveshall\/\" target=\"_blank\" rel=\"noopener\"><strong>Llogaria n\u00eb Instagram<\/strong><\/a>[\/vc_cta][\/vc_column][\/vc_row][vc_row top=&#8221;10px&#8221; bottom=&#8221;10px&#8221;][vc_column width=&#8221;1\/2&#8243;][vc_cta h2=&#8221;&#8221; add_icon=&#8221;left&#8221; i_icon_fontawesome=&#8221;far fa-address-card&#8221; i_color=&#8221;pink&#8221; css_animation=&#8221;none&#8221; i_on_border=&#8221;true&#8221;]<strong>Arza Diliji<\/strong><br \/>\nStudente e \u00e7ertifikuar<br \/>\n<strong>Email:<\/strong> <a href=\"mailto:arzadd@hotmail.com\" target=\"_blank\" rel=\"noopener\">arzadd@hotmail.com<\/a><br \/>\n<strong>Numri i telefonit:<\/strong> <a href=\"https:\/\/link-to-tel.herokuapp.com\/tel\/%2B38344282952\" target=\"_blank\" rel=\"noopener\">+38344282952<\/a><br \/>\n<a href=\"https:\/\/www.facebook.com\/arza.demiridilji\" target=\"_blank\" rel=\"noopener\"><strong>Llogaria n\u00eb Facebook<\/strong><\/a><br \/>\n<a href=\"https:\/\/www.instagram.com\/dressdesign.arza\/\" target=\"_blank\" rel=\"noopener\"><strong>Llogaria n\u00eb Instagram<\/strong><\/a><\/p>\n<div><\/div>\n<p>[\/vc_cta][\/vc_column][vc_column width=&#8221;1\/2&#8243;][vc_cta h2=&#8221;&#8221; add_icon=&#8221;left&#8221; i_icon_fontawesome=&#8221;far fa-address-card&#8221; i_color=&#8221;pink&#8221; css_animation=&#8221;none&#8221; i_on_border=&#8221;true&#8221;]<strong>Mirlinda Bajraktari<\/strong><br \/>\nStudente e \u00e7ertifikuar<br \/>\n<strong>Email:<\/strong> <a href=\"mailto:mirlinda.bajraktari04@gmail.com\" target=\"_blank\" rel=\"noopener\">mirlinda.bajraktari04@gmail.com<\/a><br \/>\n<strong>Numri i telefonit:<\/strong> <a href=\"https:\/\/link-to-tel.herokuapp.com\/tel\/%2B38345948742\" target=\"_blank\" rel=\"noopener\">+38345948742<\/a><br \/>\n<a href=\"https:\/\/www.facebook.com\/mirlinda.a.bajraktari\" target=\"_blank\" rel=\"noopener\"><strong>Llogaria n\u00eb Facebook<\/strong><\/a><br \/>\n<a href=\"https:\/\/www.instagram.com\/b.mirelinda\/\" target=\"_blank\" rel=\"noopener\"><strong>Llogaria n\u00eb Instagram<\/strong><\/a><\/p>\n<div><\/div>\n<p>[\/vc_cta][\/vc_column][\/vc_row][vc_row top=&#8221;10px&#8221; bottom=&#8221;10px&#8221;][vc_column width=&#8221;1\/2&#8243;][vc_cta h2=&#8221;&#8221; add_icon=&#8221;left&#8221; i_icon_fontawesome=&#8221;far fa-address-card&#8221; i_color=&#8221;pink&#8221; css_animation=&#8221;none&#8221; i_on_border=&#8221;true&#8221;]<strong>Nashide Shehu<\/strong><br \/>\nStudente e \u00e7ertifikuar<br \/>\n<strong>Email:<\/strong> <a href=\"mailto:nashideshehu86@gmail.com\" target=\"_blank\" rel=\"noopener\">nashideshehu86@gmail.com<\/a><br \/>\n<strong>Numri i telefonit:<\/strong><a href=\"https:\/\/link-to-tel.herokuapp.com\/tel\/%2B38349556539\" target=\"_blank\" rel=\"noopener\"> +38349556539<\/a><br \/>\n<a href=\"https:\/\/www.facebook.com\/nashide.shehu\" target=\"_blank\" rel=\"noopener\"><strong>Llogaria n\u00eb Facebook<\/strong><\/a><br \/>\n<a href=\"https:\/\/www.instagram.com\/nashideshehu86\/\" target=\"_blank\" rel=\"noopener\"><strong>Llogaria n\u00eb Instagram<\/strong><\/a><\/p>\n<div><\/div>\n<p>[\/vc_cta][\/vc_column][vc_column width=&#8221;1\/2&#8243;][vc_cta h2=&#8221;&#8221; add_icon=&#8221;left&#8221; i_icon_fontawesome=&#8221;far fa-address-card&#8221; i_color=&#8221;pink&#8221; css_animation=&#8221;none&#8221; i_on_border=&#8221;true&#8221;]<strong>Qamile Bytyqi<\/strong><br \/>\nStudente e \u00e7ertifikuar<br \/>\n<strong>Email:<\/strong> <a href=\"mailto:pashtriku74@hotmail.com\" target=\"_blank\" rel=\"noopener\">pashtriku74@hotmail.com<\/a><br \/>\n<strong>Numri i telefonit:<\/strong> <a href=\"https:\/\/link-to-tel.herokuapp.com\/tel\/%2B38349530813\" target=\"_blank\" rel=\"noopener\">+38349530813<\/a><br \/>\n<strong>Llogaria n\u00eb Facebook<\/strong><br \/>\n<a href=\"https:\/\/www.instagram.com\/punedore_erisa\/\" target=\"_blank\" rel=\"noopener\"><strong>Llogaria n\u00eb Instagram<\/strong><\/a><\/p>\n<div><\/div>\n<p>[\/vc_cta][\/vc_column][\/vc_row][vc_row top=&#8221;10px&#8221; bottom=&#8221;10px&#8221;][vc_column width=&#8221;1\/2&#8243;][vc_cta h2=&#8221;&#8221; add_icon=&#8221;left&#8221; i_icon_fontawesome=&#8221;far fa-address-card&#8221; i_color=&#8221;pink&#8221; css_animation=&#8221;none&#8221; i_on_border=&#8221;true&#8221;]<strong>Haxhere Topalli Danhoxha<\/strong><br \/>\nStudente e \u00e7ertifikuar<br \/>\n<strong>Email:<\/strong> <a href=\"mailto:haxhere.d86@gmail.com\" target=\"_blank\" rel=\"noopener\">haxhere.d86@gmail.com<\/a><br \/>\n<strong>Numri i telefonit:<\/strong> <a href=\"https:\/\/link-to-tel.herokuapp.com\/tel\/%2B383049489669\" target=\"_blank\" rel=\"noopener\">+383049489669<\/a><br \/>\n<a href=\"https:\/\/www.facebook.com\/haxhere.danhoxha\" target=\"_blank\" rel=\"noopener\"><strong>Llogaria n\u00eb Facebook<\/strong><\/a><br \/>\n<a href=\"https:\/\/www.instagram.com\/haxhere.d86\/\" target=\"_blank\" rel=\"noopener\"><strong>Llogaria n\u00eb Instagram<\/strong><\/a><\/p>\n<div><\/div>\n<p>[\/vc_cta][\/vc_column][vc_column width=&#8221;1\/2&#8243;][vc_cta h2=&#8221;&#8221; add_icon=&#8221;left&#8221; i_icon_fontawesome=&#8221;far fa-address-card&#8221; i_color=&#8221;pink&#8221; css_animation=&#8221;none&#8221; i_on_border=&#8221;true&#8221;]<strong>Neriman Kreka<\/strong><br \/>\nStudente e \u00e7ertifikuar<br \/>\n<strong>Email:<\/strong> <a href=\"mailto:nerimankreka1@gmail.com\" target=\"_blank\" rel=\"noopener\">nerimankreka1@gmail.com<\/a><br \/>\n<strong>Numri i telefonit:<\/strong> <a href=\"https:\/\/link-to-tel.herokuapp.com\/tel\/%2B38344801251\" target=\"_blank\" rel=\"noopener\">+38344801251<\/a><br \/>\n<a href=\"https:\/\/www.instagram.com\/neriman.kreka\/\" target=\"_blank\" rel=\"noopener\"><strong>Llogaria n\u00eb Instagram<\/strong><\/a><br \/>\n<strong>\u00a0<\/strong><\/p>\n<div><\/div>\n<p>[\/vc_cta][\/vc_column][\/vc_row][vc_row top=&#8221;10px&#8221; bottom=&#8221;10px&#8221;][vc_column width=&#8221;1\/2&#8243;][vc_cta h2=&#8221;&#8221; add_icon=&#8221;left&#8221; i_icon_fontawesome=&#8221;far fa-address-card&#8221; i_color=&#8221;pink&#8221; css_animation=&#8221;none&#8221; i_on_border=&#8221;true&#8221;]<strong>Ulfete Susuri<\/strong><br \/>\nStudente e \u00e7ertifikuar<br \/>\n<strong>Email:<\/strong> <a href=\"mailto:ulfetesusuri6@gmail.com\" target=\"_blank\" rel=\"noopener\">ulfetesusuri6@gmail.com<\/a><br \/>\n<strong>Numri i telefonit:<\/strong> <a href=\"https:\/\/link-to-tel.herokuapp.com\/tel\/%2B38349686084\" target=\"_blank\" rel=\"noopener\">+38349686084<\/a><br \/>\n<a href=\"https:\/\/www.instagram.com\/___.iffet\/\" target=\"_blank\" rel=\"noopener\"><strong>Llogaria n\u00eb Instagram<\/strong><\/a><br \/>\n<strong>\u00a0<\/strong><\/p>\n<div><\/div>\n<p>[\/vc_cta][\/vc_column][vc_column width=&#8221;1\/2&#8243;][vc_cta h2=&#8221;&#8221; add_icon=&#8221;left&#8221; i_icon_fontawesome=&#8221;far fa-address-card&#8221; i_color=&#8221;pink&#8221; css_animation=&#8221;none&#8221; i_on_border=&#8221;true&#8221;]<strong>Figen Daka<\/strong><br \/>\nStudente e \u00e7ertifikuar<br \/>\n<strong>Numri i telefonit:<\/strong> <a href=\"https:\/\/link-to-tel.herokuapp.com\/tel\/%2B38344217130\" target=\"_blank\" rel=\"noopener\">+38344217130<\/a><br \/>\n<a href=\"https:\/\/www.facebook.com\/figen.dervisdaka\" target=\"_blank\" rel=\"noopener\"><strong>Llogaria n\u00eb Facebook<\/strong><\/a><br \/>\n<strong>Instagram:<\/strong> <a href=\"https:\/\/www.instagram.com\/figendaka\/\" target=\"_blank\" rel=\"noopener\">@figendaka<\/a> &amp; <a href=\"https:\/\/www.instagram.com\/fd_leather_handmade\/\" target=\"_blank\" rel=\"noopener\">@fd_leather_handramde<\/a><br \/>\n<strong>\u00a0<\/strong><\/p>\n<div><\/div>\n<p>[\/vc_cta][\/vc_column][\/vc_row][vc_row top=&#8221;10px&#8221; bottom=&#8221;10px&#8221;][vc_column width=&#8221;1\/2&#8243;][vc_cta h2=&#8221;&#8221; add_icon=&#8221;left&#8221; i_icon_fontawesome=&#8221;far fa-address-card&#8221; i_color=&#8221;pink&#8221; css_animation=&#8221;none&#8221; i_on_border=&#8221;true&#8221;]<strong>Admiri Aliti<\/strong><br \/>\nStudente e \u00e7ertifikuar<br \/>\n<strong>Numri i telefonit:<\/strong> <a href=\"https:\/\/link-to-tel.herokuapp.com\/tel\/%2B38344463741\" target=\"_blank\" rel=\"noopener\">+38344463741<\/a><br \/>\n<a href=\"https:\/\/www.facebook.com\/admira.pandzialiti\" target=\"_blank\" rel=\"noopener\"><strong>Llogaria n\u00eb Facebook<\/strong><\/a><br \/>\n<a href=\"https:\/\/www.instagram.com\/admirabakija\/\" target=\"_blank\" rel=\"noopener\"><strong>Llogaria n\u00eb Instagram<\/strong><\/a><br \/>\n<strong>\u00a0<\/strong><\/p>\n<div><\/div>\n<p>[\/vc_cta][\/vc_column][vc_column width=&#8221;1\/2&#8243;][vc_cta h2=&#8221;&#8221; add_icon=&#8221;left&#8221; i_icon_fontawesome=&#8221;far fa-address-card&#8221; i_color=&#8221;pink&#8221; css_animation=&#8221;none&#8221; i_on_border=&#8221;true&#8221;]<strong>Mirveta Mejzini<\/strong><br \/>\nStudente e \u00e7ertifikuar<br \/>\n<strong>Numri i telefonit:<\/strong> <a href=\"https:\/\/link-to-tel.herokuapp.com\/tel\/%2B38349608376\" target=\"_blank\" rel=\"noopener\">+38349608376<\/a><br \/>\n<a href=\"https:\/\/www.facebook.com\/mirvete.mej\" target=\"_blank\" rel=\"noopener\"><strong>Llogaria n\u00eb Facebook<\/strong><\/a><br \/>\n<a href=\"https:\/\/www.instagram.com\/mirvete.mej\/\" target=\"_blank\" rel=\"noopener\"><strong>Llogaria n\u00eb Instagram<\/strong><\/a><strong>\u00a0<\/strong><\/p>\n<div><\/div>\n<p>[\/vc_cta][\/vc_column][\/vc_row][vc_row top=&#8221;10px&#8221; bottom=&#8221;10px&#8221;][vc_column width=&#8221;1\/2&#8243;][vc_cta h2=&#8221;&#8221; add_icon=&#8221;left&#8221; i_icon_fontawesome=&#8221;far fa-address-card&#8221; i_color=&#8221;pink&#8221; css_animation=&#8221;none&#8221; i_on_border=&#8221;true&#8221;]<strong>Arifqe Bytyqi<\/strong><br \/>\nCertified Student<br \/>\n<strong>Phone number:<\/strong> <a href=\"https:\/\/link-to-tel.herokuapp.com\/tel\/%2B38343710634\" target=\"_blank\" rel=\"noopener\">+38343710634<\/a><br \/>\n<a href=\"https:\/\/www.facebook.com\/arifqe.mejzini.1\" target=\"_blank\" rel=\"noopener\"><strong>Facebook Account<\/strong><\/a><br \/>\n<a href=\"https:\/\/www.instagram.com\/arifqe.mejzini\/\" target=\"_blank\" rel=\"noopener\"><strong>Instagram Account<\/strong><\/a><br \/>\n<strong>\u00a0<\/strong><\/p>\n<div><\/div>\n<p>[\/vc_cta][\/vc_column][vc_column width=&#8221;1\/2&#8243;][vc_cta h2=&#8221;&#8221; add_icon=&#8221;left&#8221; i_icon_fontawesome=&#8221;far fa-address-card&#8221; i_color=&#8221;pink&#8221; css_animation=&#8221;none&#8221; i_on_border=&#8221;true&#8221;]<strong>Fetije Gashi<\/strong><br \/>\nStudente e \u00e7ertifikuar<br \/>\n<strong>Numri i telefonit:<\/strong> <a href=\"https:\/\/link-to-tel.herokuapp.com\/tel\/%2B38343747322\" target=\"_blank\" rel=\"noopener\">+38343747322<\/a><br \/>\n<a href=\"https:\/\/www.instagram.com\/_v.tije._\/\" target=\"_blank\" rel=\"noopener\"><strong>Llogaria n\u00eb Instagram<\/strong><\/a><br \/>\n<strong>\u00a0<\/strong><br \/>\n<strong>\u00a0<\/strong><\/p>\n<div><\/div>\n<p>[\/vc_cta][\/vc_column][\/vc_row][vc_row top=&#8221;10px&#8221; bottom=&#8221;10px&#8221;][vc_column width=&#8221;1\/2&#8243;][vc_cta h2=&#8221;&#8221; add_icon=&#8221;left&#8221; i_icon_fontawesome=&#8221;far fa-address-card&#8221; i_color=&#8221;pink&#8221; css_animation=&#8221;none&#8221; i_on_border=&#8221;true&#8221;]<strong>\u010camilje Kulji\u0107i<\/strong><br \/>\nStudente e \u00e7ertifikuar<br \/>\n<strong>Email:<\/strong> <a href=\"mailto:camiljakuljici76@gmail.com\" target=\"_blank\" rel=\"noopener\">camiljakuljici76@gmail.com<\/a><br \/>\n<strong>Numri i telefonit:<\/strong><a href=\"https:\/\/link-to-tel.herokuapp.com\/tel\/%2B38345215358\" target=\"_blank\" rel=\"noopener\"> +38345215358<\/a><br \/>\n<a href=\"https:\/\/www.facebook.com\/camilja.kuljici\" target=\"_blank\" rel=\"noopener\"><strong>Llogaria n\u00eb Facebook<\/strong><\/a><br \/>\n<a href=\"https:\/\/www.instagram.com\/kuljicamilja\/\" target=\"_blank\" rel=\"noopener\"><strong>Llogaria n\u00eb Instagram<\/strong><\/a><br \/>\n<strong>\u00a0<\/strong><\/p>\n<div><\/div>\n<p>[\/vc_cta][\/vc_column][vc_column width=&#8221;1\/2&#8243;][vc_cta h2=&#8221;&#8221; add_icon=&#8221;left&#8221; i_icon_fontawesome=&#8221;far fa-address-card&#8221; i_color=&#8221;pink&#8221; css_animation=&#8221;none&#8221; i_on_border=&#8221;true&#8221;]<strong>Dafina Krasniqi<\/strong><br \/>\nStudente e \u00e7ertifikuar<br \/>\n<strong>Email:<\/strong> <a href=\"mailto:muhamedkrasniqi446@gmail.com\" target=\"_blank\" rel=\"noopener\">muhamedkrasniqi446@gmail.com<\/a><br \/>\n<strong>Numri i telefonit: <\/strong><a href=\"https:\/\/link-to-tel.herokuapp.com\/tel\/%2B38344569672\" target=\"_blank\" rel=\"noopener\">+38344569672<\/a><br \/>\n<strong>Llogaria n\u00eb Facebook<\/strong><br \/>\n<strong>Llogaria n\u00eb Instagram<\/strong><br \/>\n<strong>\u00a0<\/strong><\/p>\n<div><\/div>\n<p>[\/vc_cta][\/vc_column][\/vc_row][vc_row top=&#8221;10px&#8221; bottom=&#8221;10px&#8221;][vc_column width=&#8221;1\/2&#8243;][vc_cta h2=&#8221;&#8221; add_icon=&#8221;left&#8221; i_icon_fontawesome=&#8221;far fa-address-card&#8221; i_color=&#8221;pink&#8221; css_animation=&#8221;none&#8221; i_on_border=&#8221;true&#8221;]<strong>Suada Purova<\/strong><br \/>\nStudente e \u00e7ertifikuar<br \/>\n<strong>Email:\u00a0<\/strong><br \/>\n<strong>Numri i telefonit:<\/strong><a href=\"https:\/\/link-to-tel.herokuapp.com\/tel\/%2B38345215358\" target=\"_blank\" rel=\"noopener\"> +38345215358<\/a><br \/>\n<a href=\"https:\/\/www.facebook.com\/suada.alban\" target=\"_blank\" rel=\"noopener\"><strong>Llogaria n\u00eb Facebook<\/strong><\/a><br \/>\n<strong>Llogaria n\u00eb Instagram<\/strong><br \/>\n<strong>\u00a0<\/strong><\/p>\n<div><\/div>\n<p>[\/vc_cta][\/vc_column][vc_column width=&#8221;1\/2&#8243;][vc_cta h2=&#8221;&#8221; add_icon=&#8221;left&#8221; i_icon_fontawesome=&#8221;far fa-address-card&#8221; i_color=&#8221;pink&#8221; css_animation=&#8221;none&#8221; i_on_border=&#8221;true&#8221;]<strong>Fakete Durguti<\/strong><br \/>\nStudente e \u00e7ertifikuar<br \/>\n<strong>Email:<\/strong> <a href=\"mailto:faketedurguti@gmail.com\" target=\"_blank\" rel=\"noopener\">faketedurguti@gmail.com<\/a><br \/>\n<strong>Numri i telefonit:<\/strong><a href=\"https:\/\/link-to-tel.herokuapp.com\/tel\/%2B38345564359\" target=\"_blank\" rel=\"noopener\">+38345564359<\/a><br \/>\n<a href=\"https:\/\/www.facebook.com\/fakete.durguti\" target=\"_blank\" rel=\"noopener\"><strong>Llogaria n\u00eb Facebook<\/strong><\/a><br \/>\n<a href=\"https:\/\/www.instagram.com\/fakete_durguti\/\" target=\"_blank\" rel=\"noopener\"><strong>Llogaria n\u00eb Instagram<\/strong><\/a><br \/>\n<strong>\u00a0<\/strong><\/p>\n<div><\/div>\n<p>[\/vc_cta][\/vc_column][\/vc_row][vc_row textalign=&#8221;right&#8221; bg_color=&#8221;#e74d3d&#8221; font_color=&#8221;#ffffff&#8221;][vc_column width=&#8221;5\/6&#8243; css=&#8221;.vc_custom_1426777723722{padding-right: 60px !important;}&#8221;][vc_column_text]<\/p>\n<p style=\"text-align: left;\"><span style=\"font-size: 24px;\">&#8220;Dollama, nj\u00eb pasuri kulturore e Kosov\u00ebs&#8221;<\/span><\/p>\n<p style=\"text-align: left;\">Dollama.org synon t\u00eb ndihmoj\u00eb grat\u00eb q\u00eb kan\u00eb mbaruar trajnimin p\u00ebr prodhimin e dollamave (veshje tradicionale p\u00ebr nuset n\u00eb Kosov\u00eb) p\u00ebr t\u2019i vendosur n\u00eb kontakt me bler\u00ebs potencial, duke sh\u00ebrbyer k\u00ebshtu si nj\u00eb platform\u00eb p\u00ebr promovimin e pun\u00ebsimit t\u00eb grave.<\/p>\n<p>[\/vc_column_text][\/vc_column][vc_column width=&#8221;1\/6&#8243;][vc_single_image image=&#8221;2313&#8243; img_size=&#8221;full&#8221; alignment=&#8221;center&#8221; onclick=&#8221;custom_link&#8221; link=&#8221;https:\/\/dollama.org\/the-project\/&#8221;][\/vc_column][\/vc_row][vc_row top=&#8221;20px&#8221; bottom=&#8221;20px&#8221;][vc_column][vc_column_text][\/vc_column_text][\/vc_column][\/vc_row][vc_row top=&#8221;40px&#8221; bottom=&#8221;20px&#8221; bg_color=&#8221;#000000&#8243;][vc_column][vc_column_text]<strong>Kjo webfaqe \u00ebsht\u00eb zhvilluar me mb\u00ebshtetjen financiare t\u00eb Bashkimit Evropian.<\/strong> P\u00ebrmbajta e saj \u00ebsht\u00eb p\u00ebrgjegj\u00ebsi e vetme e organizat\u00ebs &#8220;EC Ma Ndryshe&#8221; dhe n\u00eb asnj\u00eb m\u00ebnyr\u00eb nuk paraqet pik\u00ebpamjet e Bashkimit Evropian dhe t\u00eb partnerit implementues Programit t\u00eb Kombeve t\u00eb Bashkuara p\u00ebr Zhvillim (UNDP).<\/p>\n<p>Projekti i zbatuar nga OJQ EC Ma Ndryshe &#8220;Dollama, nj\u00eb pasuri kulturore e Kosov\u00ebs&#8221; \u00ebsht\u00eb pjes\u00eb e grantit t\u00eb financuar nga projekti &#8220;Trash\u00ebgimia Kulturore si Nxit\u00ebse e Dialogut Nd\u00ebrmjet Komuniteteve dhe Kohezionit Social&#8221; q\u00eb financohet nga Sh\u00ebrbimi p\u00ebr Instrumentet e Politik\u00ebs s\u00eb Jashtme t\u00eb Bashki[\/vc_column_text][vc_empty_space height=&#8221;10px&#8221;][\/vc_column][\/vc_row][vc_row top=&#8221;20px&#8221; bottom=&#8221;20px&#8221;][vc_column][vc_column_text][\/vc_column_text][\/vc_column][\/vc_row][vc_row top=&#8221;10px&#8221; bottom=&#8221;10px&#8221; bg_color=&#8221;#0a0a0a&#8221;][vc_column][vc_column_text]<\/p>\n<p style=\"text-align: center;\">\u00a9 2022\u00a0EC Ma Ndryshe<\/p>\n<p>[\/vc_column_text][\/vc_column][\/vc_row]<\/p>\n","protected":false},"excerpt":{"rendered":"<p>[vc_row row_seperator=&#8221;row-line-seperator&#8221; top=&#8221;30px&#8221; bottom=&#8221;0px&#8221;][vc_column][mnky_heading title=&#8221;Trajnimi&#8221; subtitle=&#8221;Kandidat\u00ebt e \u00c7ertifikuar &#8211; Lista e kontakteve&#8221;][\/vc_column][\/vc_row][vc_row top=&#8221;20px&#8221; bottom=&#8221;20px&#8221;][vc_column][vc_images_carousel images=&#8221;2321,2206,2210,2214,2325,2223,2329,2227,2231,2235,2239,2243,2247,2333,1996,2000,2004,2337,2251,2255,2259&#8243; img_size=&#8221;full&#8221;][\/vc_column][\/vc_row][vc_row top=&#8221;35px&#8221; bottom=&#8221;35px&#8221;][vc_column][mnky_heading title=&#8221;Kontaktoni me ndonj\u00ebr\u00ebn prej kanditateve t\u00eb trajnimit p\u00ebr t\u00eb porositur nj\u00eb dollam\u00eb pun\u00eb dore&#8221; subtitle=&#8221;Informatat kontaktuese t\u00eb t\u00eb gjitha grave t\u00eb trajnuara p\u00ebr t\u00eb aplikuar k\u00ebt\u00eb zanat, p\u00ebrmes mb\u00ebshtetjes s\u00eb projektit.&#8221;][\/vc_column][\/vc_row][vc_row top=&#8221;25px&#8221; bottom=&#8221;10px&#8221;][vc_column width=&#8221;1\/2&#8243;][vc_cta h2=&#8221;&#8221; add_icon=&#8221;left&#8221; i_icon_fontawesome=&#8221;far [&hellip;]<\/p>\n","protected":false},"author":1,"featured_media":0,"parent":0,"menu_order":0,"comment_status":"closed","ping_status":"closed","template":"page-full-width.php","meta":[],"_links":{"self":[{"href":"https:\/\/dollama.org\/sq\/wp-json\/wp\/v2\/pages\/2304"}],"collection":[{"href":"https:\/\/dollama.org\/sq\/wp-json\/wp\/v2\/pages"}],"about":[{"href":"https:\/\/dollama.org\/sq\/wp-json\/wp\/v2\/types\/page"}],"author":[{"embeddable":true,"href":"https:\/\/dollama.org\/sq\/wp-json\/wp\/v2\/users\/1"}],"replies":[{"embeddable":true,"href":"https:\/\/dollama.org\/sq\/wp-json\/wp\/v2\/comments?post=2304"}],"version-history":[{"count":14,"href":"https:\/\/dollama.org\/sq\/wp-json\/wp\/v2\/pages\/2304\/revisions"}],"predecessor-version":[{"id":2540,"href":"https:\/\/dollama.org\/sq\/wp-json\/wp\/v2\/pages\/2304\/revisions\/2540"}],"wp:attachment":[{"href":"https:\/\/dollama.org\/sq\/wp-json\/wp\/v2\/media?parent=2304"}],"curies":[{"name":"wp","href":"https:\/\/api.w.org\/{rel}","templated":true}]}}