{"id":2348,"date":"2015-01-21T12:05:02","date_gmt":"2015-01-21T12:05:02","guid":{"rendered":"https:\/\/dollama.org\/home\/"},"modified":"2022-09-27T19:43:05","modified_gmt":"2022-09-27T19:43:05","slug":"home","status":"publish","type":"page","link":"https:\/\/dollama.org\/sr\/","title":{"rendered":"Po\u010detna"},"content":{"rendered":"<p>[vc_row top=&#8220;1px&#8220; bottom=&#8220;1px&#8220;][vc_column][vc_empty_space height=&#8220;5px&#8220;][\/vc_column][\/vc_row][vc_row full_content_width=&#8220;row-inner-full&#8220; parallax_bg=&#8220;parallax-bg&#8220; bg_cover=&#8220;cover&#8220; bg_repeat=&#8220;no-repeat&#8220; bg_position=&#8220;Center bottom&#8220; textalign=&#8220;center&#8220; top=&#8220;130px&#8220; bottom=&#8220;130px&#8220; font_color=&#8220;#ffffff&#8220; bg_color=&#8220;#3a281c&#8220; bg_image=&#8220;2039&#8243;][vc_column][vc_empty_space height=&#8220;160px&#8220;][vc_column_text]Sa zadovoljstvom objavljujemo da su 24 kandidata zavr\u0161ila obuku za ru\u010dni rad &#8222;Izrada dolame&#8220;.<br \/>\nVi mo\u017eete da kontaktirate svakog od njih za va\u0161u prilago\u0111enu porud\u017ebinu, na linku ispod:[\/vc_column_text][vc_empty_space height=&#8220;40px&#8220;][mnky_button title=&#8220;Sertifikovani Kandidati&#8220; bg_color=&#8220;#d12035&#8243; color=&#8220;#ffffff&#8220; bg_hover_color=&#8220;flat-watermelon&#8220; icon_type=&#8220;entypo&#8220; css_animation=&#8220;left-to-right&#8220; icon_entypo=&#8220;entypo-icon entypo-icon-user-add&#8220; link=&#8220;url:https%3A%2F%2Fdollama.org%2Fthe-training%2F&#8220;][\/vc_column][\/vc_row][vc_row bottom=&#8220;35px&#8220; bg_color=&#8220;#ffffff&#8220;][vc_column css=&#8220;.vc_custom_1663096618030{background-color: #ffffff !important;}&#8220;][vc_row_inner][vc_column_inner width=&#8220;1\/12&#8243;][vc_empty_space height=&#8220;50px&#8220;][\/vc_column_inner][vc_column_inner width=&#8220;2\/6&#8243;][mnky_team img_url=&#8220;1692&#8243; name=&#8220;Sebahat Kabashi&#8220; position=&#8220;Dolama zanatlija i instruktor&#8220; css_animation=&#8220;fadeInLeft&#8220;]Zanat se mo\u017ee u\u010diti, ali u\u010denje dolazi iz \u017eelje. Ako neko ima \u017eelju, brzo se nauc\u0301i i mo\u017ee postic\u0301i sve.[\/mnky_team][\/vc_column_inner][vc_column_inner width=&#8220;1\/6&#8243;][vc_empty_space height=&#8220;50px&#8220;][\/vc_column_inner][vc_column_inner width=&#8220;2\/6&#8243;][mnky_team img_url=&#8220;1688&#8243; name=&#8220;Zejxhan Celina&#8220; position=&#8220;Instruktor Dolame&#8220; css_animation=&#8220;fadeInLeft&#8220;]&#8220;Izrada dolame&#8220; nije ne\u0161to \u0161to mo\u017eete zapo\u010deti i zavr\u0161iti danas. Ovo ima malo du\u017ei zavr\u0161etak za koji je potrebno vreme i strpljenje.[\/mnky_team][\/vc_column_inner][vc_column_inner width=&#8220;1\/12&#8243;][vc_empty_space height=&#8220;50px&#8220;][\/vc_column_inner][\/vc_row_inner][\/vc_column][\/vc_row][vc_row row_seperator=&#8220;row-line-seperator&#8220; top=&#8220;50px&#8220; bottom=&#8220;25px&#8220;][vc_column][mnky_heading title=&#8220;Kandidati koji su vec\u0301 zavr\u0161ili obuku.&#8220; subtitle=&#8220;\u0160ta su oni rekli o Projektu? Da li se &#8222;Dolama&#8222; jednostavno modernizuje?&#8220;][\/vc_column][\/vc_row][vc_row font_weight=&#8220;lighter&#8220; top=&#8220;60px&#8220; bottom=&#8220;50px&#8220;][vc_column width=&#8220;1\/3&#8243;][mnky_colored_box img_url=&#8220;1705&#8243; bg_color=&#8220;#2d2d2d&#8220; css_animation=&#8220;bottom-to-top&#8220;]<span style=\"color: #ffffff;\">Do\u0161la sam ovde jer sam u\u017eivala u ovom radu, u u\u010denju ovog zanata. Moji planovi za buduc\u0301nost su, ako mi se pru\u017ei prilika da nastavim da radim od kuc\u0301e.<\/span>[\/mnky_colored_box][\/vc_column][vc_column width=&#8220;1\/3&#8243;][mnky_colored_box img_url=&#8220;1706&#8243; bg_color=&#8220;#e74d3d&#8220; css_animation=&#8220;bottom-to-top&#8220; css_animation_delay=&#8220;delay-300&#8243;]<span style=\"color: #ffffff;\">Moj cilj je da ove motive iskoristim za dana\u0161nje odec\u0301e, kako ne bi bile kori\u0161c\u0301ene samo na svadbama vec\u0301 da ih dizajniram i za svakodnevnu odec\u0301u.<\/span>[\/mnky_colored_box][\/vc_column][vc_column width=&#8220;1\/3&#8243;][mnky_colored_box img_url=&#8220;1708&#8243; bg_color=&#8220;#2d2d2d&#8220; css_animation=&#8220;bottom-to-top&#8220; css_animation_delay=&#8220;delay-600&#8243;]<span style=\"color: #ffffff;\">U po\u010detku je bilo malo te\u0161ko. Ruke bi mi se tresle kada bi uzela iglu. Ali sada je veoma dobro, vrlo je lako.<\/span>[\/mnky_colored_box][\/vc_column][\/vc_row][vc_row font_weight=&#8220;lighter&#8220; top=&#8220;60px&#8220; bottom=&#8220;50px&#8220;][vc_column width=&#8220;1\/3&#8243;][mnky_colored_box img_url=&#8220;1712&#8243; bg_color=&#8220;#2d2d2d&#8220; css_animation=&#8220;bottom-to-top&#8220;]<span style=\"color: #ffffff;\">Nakon \u0161to sam zavr\u0161ila kurs reklamirala sam posao koji sam radila tokom kursa dollamu, persluk, \u010darape, kragnu na Instagram i Facebook. Onda mi je do\u0161la narud\u017ebina.<\/span>[\/mnky_colored_box][\/vc_column][vc_column width=&#8220;1\/3&#8243;][mnky_colored_box img_url=&#8220;1710&#8243; bg_color=&#8220;#e74d3d&#8220; css_animation=&#8220;bottom-to-top&#8220; css_animation_delay=&#8220;delay-300&#8243;]<span style=\"color: #ffffff;\">Imala sam volju da radim dolame. Do sada nisam imala prilike da nau\u010dim ovaj zanat.<\/span>[\/mnky_colored_box][\/vc_column][vc_column width=&#8220;1\/3&#8243;][mnky_colored_box img_url=&#8220;1711&#8243; bg_color=&#8220;#2d2d2d&#8220; css_animation=&#8220;bottom-to-top&#8220; css_animation_delay=&#8220;delay-600&#8243;]<span style=\"color: #ffffff;\">Toliko mi se svi\u0111a posao i dobro mi stoji c\u0301ak sam i dolamu ponjela sa mnom da je radim kod kuc\u0301e. Ovim radom verujemo da c\u0301emo uc\u0301i u tr\u017ei\u0161te.<\/span>[\/mnky_colored_box][\/vc_column][\/vc_row][vc_row textalign=&#8220;right&#8220; bg_color=&#8220;#e74d3d&#8220; font_color=&#8220;#ffffff&#8220;][vc_column width=&#8220;5\/6&#8243; css=&#8220;.vc_custom_1426777723722{padding-right: 60px !important;}&#8220;][vc_column_text]<\/p>\n<p style=\"text-align: left;\"><span style=\"font-size: 24px;\">&#8222;Dolama, kulturno bogatstvo Kosova&#8220;<\/span><\/p>\n<p style=\"text-align: left;\">Dollama.org ima za cilj da pomogne \u017eenama koje su zavr\u0161ile obuku za proizvodnju dolama (tradicionalne odec\u0301e za neveste na Kosovu) da ih dovedu u kontakt sa potencijalnim kupcima, slu\u017eec\u0301i tako kao platforma za promociju zapo\u0161ljavanja \u017eena.<\/p>\n<p>[\/vc_column_text][\/vc_column][vc_column width=&#8220;1\/6&#8243;][vc_single_image image=&#8220;2365&#8243; img_size=&#8220;full&#8220; alignment=&#8220;center&#8220; onclick=&#8220;custom_link&#8220; link=&#8220;https:\/\/dollama.org\/sr\/the-training\/&#8220;][\/vc_column][\/vc_row][vc_row top=&#8220;20px&#8220; bottom=&#8220;20px&#8220;][vc_column][vc_column_text][\/vc_column_text][\/vc_column][\/vc_row][vc_row top=&#8220;40px&#8220; bottom=&#8220;20px&#8220; bg_color=&#8220;#000000&#8243;][vc_column][vc_column_text]<strong>Ova veb stranica je omoguc\u0301ena finansijskom podr\u0161kom Evropske unije.<\/strong> Sadr\u017eaj istog isklju\u010diva je odgovornost organizacije &#8222;EC Ma Ndryshe&#8220; i ni na koji na\u010din ne odra\u017eava stavove Evropske unije niti partnera za realizaciju Programa za razvoj Ujedinjenih nacija (UNDP).<\/p>\n<p>Projekat sprovodi NVO EC Ma Ndryshe &#8222;Dolama, kulturno bogatstvo Kosova&#8220; i deo je finansijskog granta u okviru projekta &#8222;Kulturno nasle\u0111e kao pokreta\u010da dijaloga me\u0111u zajednicama i socijalne kohezije&#8220; koji finansira Slu\u017eba za Instrumente Spoljne Politike Evropske Unije(FPI), a sprovodi Program za razvoj Ujedinjenih nacija (UNDP).[\/vc_column_text][vc_empty_space height=&#8220;10px&#8220;][\/vc_column][\/vc_row][vc_row top=&#8220;20px&#8220; bottom=&#8220;20px&#8220;][vc_column][vc_column_text][\/vc_column_text][\/vc_column][\/vc_row][vc_row top=&#8220;10px&#8220; bottom=&#8220;10px&#8220; bg_color=&#8220;#0a0a0a&#8220;][vc_column][vc_column_text]<\/p>\n<p style=\"text-align: center;\">\u00a9 2022\u00a0<a title=\"EC Ma Ndryshe\" href=\"https:\/\/www.ecmandryshe.org\/\" rel=\"nofollow\">EC Ma Ndryshe<\/a><\/p>\n<p>[\/vc_column_text][\/vc_column][\/vc_row]<\/p>\n","protected":false},"excerpt":{"rendered":"<p>[vc_row top=&#8220;1px&#8220; bottom=&#8220;1px&#8220;][vc_column][vc_empty_space height=&#8220;5px&#8220;][\/vc_column][\/vc_row][vc_row full_content_width=&#8220;row-inner-full&#8220; parallax_bg=&#8220;parallax-bg&#8220; bg_cover=&#8220;cover&#8220; bg_repeat=&#8220;no-repeat&#8220; bg_position=&#8220;Center bottom&#8220; textalign=&#8220;center&#8220; top=&#8220;130px&#8220; bottom=&#8220;130px&#8220; font_color=&#8220;#ffffff&#8220; bg_color=&#8220;#3a281c&#8220; bg_image=&#8220;2039&#8243;][vc_column][vc_empty_space height=&#8220;160px&#8220;][vc_column_text]Sa zadovoljstvom objavljujemo da su 24 kandidata zavr\u0161ila obuku za ru\u010dni rad &#8222;Izrada dolame&#8220;. Vi mo\u017eete da kontaktirate svakog od njih za va\u0161u prilago\u0111enu porud\u017ebinu, na linku ispod:[\/vc_column_text][vc_empty_space height=&#8220;40px&#8220;][mnky_button title=&#8220;Sertifikovani Kandidati&#8220; bg_color=&#8220;#d12035&#8243; color=&#8220;#ffffff&#8220; bg_hover_color=&#8220;flat-watermelon&#8220; icon_type=&#8220;entypo&#8220; css_animation=&#8220;left-to-right&#8220; icon_entypo=&#8220;entypo-icon entypo-icon-user-add&#8220; link=&#8220;url:https%3A%2F%2Fdollama.org%2Fthe-training%2F&#8220;][\/vc_column][\/vc_row][vc_row [&hellip;]<\/p>\n","protected":false},"author":1,"featured_media":0,"parent":0,"menu_order":0,"comment_status":"open","ping_status":"open","template":"page-full-width.php","meta":[],"_links":{"self":[{"href":"https:\/\/dollama.org\/sr\/wp-json\/wp\/v2\/pages\/2348"}],"collection":[{"href":"https:\/\/dollama.org\/sr\/wp-json\/wp\/v2\/pages"}],"about":[{"href":"https:\/\/dollama.org\/sr\/wp-json\/wp\/v2\/types\/page"}],"author":[{"embeddable":true,"href":"https:\/\/dollama.org\/sr\/wp-json\/wp\/v2\/users\/1"}],"replies":[{"embeddable":true,"href":"https:\/\/dollama.org\/sr\/wp-json\/wp\/v2\/comments?post=2348"}],"version-history":[{"count":23,"href":"https:\/\/dollama.org\/sr\/wp-json\/wp\/v2\/pages\/2348\/revisions"}],"predecessor-version":[{"id":2583,"href":"https:\/\/dollama.org\/sr\/wp-json\/wp\/v2\/pages\/2348\/revisions\/2583"}],"wp:attachment":[{"href":"https:\/\/dollama.org\/sr\/wp-json\/wp\/v2\/media?parent=2348"}],"curies":[{"name":"wp","href":"https:\/\/api.w.org\/{rel}","templated":true}]}}