{"id":2371,"date":"2022-09-15T15:32:01","date_gmt":"2022-09-15T15:32:01","guid":{"rendered":"https:\/\/dollama.org\/the-video\/"},"modified":"2022-09-27T09:19:29","modified_gmt":"2022-09-27T09:19:29","slug":"the-video","status":"publish","type":"page","link":"https:\/\/dollama.org\/sr\/the-video\/","title":{"rendered":"Dokumentarni Film"},"content":{"rendered":"<p>[vc_row top=&#8220;1px&#8220; bottom=&#8220;1px&#8220;][vc_column][vc_empty_space height=&#8220;5px&#8220;][\/vc_column][\/vc_row][vc_row][vc_column][vc_video link=&#8220;https:\/\/youtu.be\/Gd5ExQwnOAQ&#8220; align=&#8220;center&#8220;][\/vc_column][\/vc_row][vc_row textalign=&#8220;right&#8220; bg_color=&#8220;#e74d3d&#8220; font_color=&#8220;#ffffff&#8220;][vc_column width=&#8220;5\/6&#8243; css=&#8220;.vc_custom_1426777723722{padding-right: 60px !important;}&#8220;][vc_column_text]<\/p>\n<p style=\"text-align: left;\"><span style=\"font-size: 24px;\">&#8222;Dolama, kulturno bogatstvo Kosova&#8220;<\/span><\/p>\n<p style=\"text-align: left;\">Dollama.org ima za cilj da pomogne \u017eenama koje su zavr\u0161ile obuku za proizvodnju dolama (tradicionalne odec\u0301e za neveste na Kosovu) da ih dovedu u kontakt sa potencijalnim kupcima, slu\u017eec\u0301i tako kao platforma za promociju zapo\u0161ljavanja \u017eena.<\/p>\n<p>[\/vc_column_text][\/vc_column][vc_column width=&#8220;1\/6&#8243;][vc_single_image image=&#8220;2373&#8243; img_size=&#8220;full&#8220; alignment=&#8220;center&#8220; onclick=&#8220;custom_link&#8220; link=&#8220;https:\/\/dollama.org\/the-project\/&#8220;][\/vc_column][\/vc_row][vc_row top=&#8220;20px&#8220; bottom=&#8220;20px&#8220;][vc_column][vc_column_text][\/vc_column_text][\/vc_column][\/vc_row][vc_row top=&#8220;40px&#8220; bottom=&#8220;20px&#8220; bg_color=&#8220;#000000&#8243;][vc_column][vc_column_text]<strong>Ova veb stranica je omoguc\u0301ena finansijskom podr\u0161kom Evropske unije.<\/strong> Sadr\u017eaj istog isklju\u010diva je odgovornost organizacije &#8222;EC Ma Ndryshe&#8220; i ni na koji na\u010din ne odra\u017eava stavove Evropske unije niti partnera za realizaciju Programa za razvoj Ujedinjenih nacija (UNDP).<\/p>\n<p>Projekat sprovodi NVO EC Ma Ndryshe &#8222;Dolama, kulturno bogatsvo Kosova&#8220; i deo je finansijskog granta u okviru projekta &#8222;Kulturno nasle\u0111e kao pokreta\u010da dijaloga me\u0111u zajednicama i socijalne kohezije&#8220; koji finansira Slu\u017eba za Instrumente Spoljne Politike Evropske Uni[\/vc_column_text][vc_empty_space height=&#8220;10px&#8220;][\/vc_column][\/vc_row][vc_row top=&#8220;20px&#8220; bottom=&#8220;20px&#8220;][vc_column][vc_column_text][\/vc_column_text][\/vc_column][\/vc_row][vc_row top=&#8220;10px&#8220; bottom=&#8220;10px&#8220; bg_color=&#8220;#0a0a0a&#8220;][vc_column][vc_column_text]<\/p>\n<p style=\"text-align: center;\">\u00a9 2022\u00a0<a title=\"EC Ma Ndryshe\" href=\"https:\/\/www.ecmandryshe.org\/\" rel=\"nofollow\">EC Ma Ndryshe<\/a><\/p>\n<p>[\/vc_column_text][\/vc_column][\/vc_row]<\/p>\n","protected":false},"excerpt":{"rendered":"<p>[vc_row top=&#8220;1px&#8220; bottom=&#8220;1px&#8220;][vc_column][vc_empty_space height=&#8220;5px&#8220;][\/vc_column][\/vc_row][vc_row][vc_column][vc_video link=&#8220;https:\/\/youtu.be\/Gd5ExQwnOAQ&#8220; align=&#8220;center&#8220;][\/vc_column][\/vc_row][vc_row textalign=&#8220;right&#8220; bg_color=&#8220;#e74d3d&#8220; font_color=&#8220;#ffffff&#8220;][vc_column width=&#8220;5\/6&#8243; css=&#8220;.vc_custom_1426777723722{padding-right: 60px !important;}&#8220;][vc_column_text] &#8222;Dolama, kulturno bogatstvo Kosova&#8220; Dollama.org ima za cilj da pomogne \u017eenama koje su zavr\u0161ile obuku za proizvodnju dolama (tradicionalne odec\u0301e za neveste na Kosovu) da ih dovedu u kontakt sa potencijalnim kupcima, slu\u017eec\u0301i tako kao platforma za promociju zapo\u0161ljavanja \u017eena. [\/vc_column_text][\/vc_column][vc_column width=&#8220;1\/6&#8243;][vc_single_image [&hellip;]<\/p>\n","protected":false},"author":1,"featured_media":0,"parent":0,"menu_order":0,"comment_status":"closed","ping_status":"closed","template":"page-full-width.php","meta":[],"_links":{"self":[{"href":"https:\/\/dollama.org\/sr\/wp-json\/wp\/v2\/pages\/2371"}],"collection":[{"href":"https:\/\/dollama.org\/sr\/wp-json\/wp\/v2\/pages"}],"about":[{"href":"https:\/\/dollama.org\/sr\/wp-json\/wp\/v2\/types\/page"}],"author":[{"embeddable":true,"href":"https:\/\/dollama.org\/sr\/wp-json\/wp\/v2\/users\/1"}],"replies":[{"embeddable":true,"href":"https:\/\/dollama.org\/sr\/wp-json\/wp\/v2\/comments?post=2371"}],"version-history":[{"count":4,"href":"https:\/\/dollama.org\/sr\/wp-json\/wp\/v2\/pages\/2371\/revisions"}],"predecessor-version":[{"id":2530,"href":"https:\/\/dollama.org\/sr\/wp-json\/wp\/v2\/pages\/2371\/revisions\/2530"}],"wp:attachment":[{"href":"https:\/\/dollama.org\/sr\/wp-json\/wp\/v2\/media?parent=2371"}],"curies":[{"name":"wp","href":"https:\/\/api.w.org\/{rel}","templated":true}]}}