{"id":2378,"date":"2022-09-15T17:17:17","date_gmt":"2022-09-15T17:17:17","guid":{"rendered":"https:\/\/dollama.org\/the-project\/"},"modified":"2022-09-27T09:21:48","modified_gmt":"2022-09-27T09:21:48","slug":"the-project","status":"publish","type":"page","link":"https:\/\/dollama.org\/sr\/the-project\/","title":{"rendered":"Projekat"},"content":{"rendered":"<p>[vc_row row_seperator=&#8220;row-line-seperator&#8220; top=&#8220;30px&#8220; bottom=&#8220;0px&#8220;][vc_column][mnky_heading title=&#8220;&#8222;Dolama, kulturno bogatstvo Kosova&#8222;&#8220;][\/vc_column][\/vc_row][vc_row top=&#8220;35px&#8220;][vc_column][vc_column_text]Dollama.org ima za cilj da pomogne \u017eenama koje su zavr\u0161ile obuku za proizvodnju dolama (tradicionalne odec\u0301e za neveste na Kosovu) da ih dovedu u kontakt sa potencijalnim kupcima, slu\u017eec\u0301i tako kao platforma za promociju zapo\u0161ljavanja \u017eena. Da bi se olak\u0161alo ovo umre\u017eavanje, platforma sadr\u017ei kontakt informacije svih \u017eena obu\u010denih da primenjuju ovaj zanat kroz podr\u0161ku projektu.<\/p>\n<p>Tradicionalna zanatska radnja je mo\u017eda najopipljivija manifestacija. Jedna takva tradicija je ru\u010dno ra\u0111ena dolama, tradicionalna haljina za neveste na Kosovu. Dollama se, uz druge tradicionalne obi\u010daje, koristi u svadbama i drugim sve\u010danostima koje organizuju gra\u0111ani Kosova i dijaspore. Iako je namenjena za relativno kratko vreme, dolama je veoma specifi\u010dna tradicija jer se prenosi s generacije na generaciju. Iako su neki elementi i tehnike obrade mo\u017eda pretrpeli manje promene, tradicija kreiranja i prezentacije dizajna je o\u010duvana. Jo\u0161 jedan va\u017ean element ovog zanata je da ga koriste sve zajednice koje \u017eive na Kosovu, gde svaka zajednica ima jedinstvene elemente ili dizajn ove tradicionalne odec\u0301e.<\/p>\n<p>Me\u0111utim, kao i mnogi drugi zanati duhovne ba\u0161tine, i tradicija prerade dolame je u opasnosti zbog mnogih faktora kao \u0161to su: masovna (industrijska) proizvodnja, globalizacija i dr., pogotovo \u0161to se znanja i ve\u0161tine vezane za nju ne prenose u mla\u0111e generacije i proces nije pravilno dokumentovan. Pored toga, samo mali broj malih preduzec\u0301a proizvodi\/prera\u0111uje dolame. Dakle, na osnovu gore navedenih podataka i tekuc\u0301e posvec\u0301enosti EC Ma Ndryshe za za\u0161titu i unapre\u0111enje kulturnog nasle\u0111a, ovaj projekat je imao za cilj da doprinese o\u010duvanju ove tradicije sa fokusom na Ju\u017eni Razvojni Region, tj. op\u0161tina Prizren, Draga\u0161, Mamu\u0161a, Orahovac, Suva Reka i Mali\u0161evo. \u0160tavi\u0161e, projekat ima za cilj da dokumentuje i promovi\u0161e ovu tradiciju, kao i da doprinese smanjenju nezaposlenosti povec\u0301anjem moguc\u0301nosti obu\u010denih \u017eena za samozapo\u0161ljavanje ili anga\u017eovanje u osnivanju biznisa.<\/p>\n<p>Ta\u010dnije, rezultati postignuti ovim projektom su: i. doprinos nasle\u0111u zanata zanatske proizvodnje tradicionalne svadbene odec\u0301e &#8211; dolama obu\u010davanjem 24 \u017eene\/devojke iz svih zajednica koje \u017eive u Ju\u017eni Razvojni Region za izradu zanatskih dolama; ii. pomaganje 6 \u017eena\/devojaka obezbe\u0111ivanjem sirovina i alata za individualno izvo\u0111enje ovog zanata; iii. promocija kulturnog turizma Ju\u017eni Razvojni Regiona za domac\u0301e i strane turiste sa fokusom na tradicionalnu svadbenu no\u0161nju, dokumentarni film i sajam.[\/vc_column_text][\/vc_column][\/vc_row][vc_row top=&#8220;20px&#8220; bottom=&#8220;20px&#8220;][vc_column][vc_column_text][\/vc_column_text][\/vc_column][\/vc_row][vc_row top=&#8220;40px&#8220; bottom=&#8220;20px&#8220; bg_color=&#8220;#000000&#8243;][vc_column][vc_column_text]<strong>Ova veb stranica je omoguc\u0301ena finansijskom podr\u0161kom Evropske unije.<\/strong> Sadr\u017eaj istog isklju\u010diva je odgovornost organizacije &#8222;EC Ma Ndryshe&#8220; i ni na koji na\u010din ne odra\u017eava stavove Evropske unije niti partnera za realizaciju Programa za razvoj Ujedinjenih nacija (UNDP).<\/p>\n<p>Projekat sprovodi NVO EC Ma Ndryshe &#8222;Dolama, kulturno bogatstvo Kosova&#8220; i deo je finansijskog granta u okviru projekta &#8222;Kulturno nasle\u0111e kao pokreta\u010da dijaloga me\u0111u zajednicama i socijalne kohezije&#8220; koji finansira Slu\u017eba za Instrumente Spoljne Politike Evropske Unije(FPI), a sprovodi Program za razvoj Ujedinjenih nacija (UNDP).[\/vc_column_text][vc_empty_space height=&#8220;10px&#8220;][\/vc_column][\/vc_row][vc_row top=&#8220;20px&#8220; bottom=&#8220;20px&#8220;][vc_column][vc_column_text][\/vc_column_text][\/vc_column][\/vc_row][vc_row full_content_width=&#8220;row-inner-full&#8220; top=&#8220;10px&#8220; bottom=&#8220;10px&#8220; bg_color=&#8220;#0a0a0a&#8220;][vc_column][vc_column_text]<\/p>\n<p style=\"text-align: center;\">\u00a9 2022\u00a0EC Ma Ndryshe<\/p>\n<p>[\/vc_column_text][\/vc_column][\/vc_row]<\/p>\n","protected":false},"excerpt":{"rendered":"<p>[vc_row row_seperator=&#8220;row-line-seperator&#8220; top=&#8220;30px&#8220; bottom=&#8220;0px&#8220;][vc_column][mnky_heading title=&#8220;&#8222;Dolama, kulturno bogatstvo Kosova&#8222;&#8220;][\/vc_column][\/vc_row][vc_row top=&#8220;35px&#8220;][vc_column][vc_column_text]Dollama.org ima za cilj da pomogne \u017eenama koje su zavr\u0161ile obuku za proizvodnju dolama (tradicionalne odec\u0301e za neveste na Kosovu) da ih dovedu u kontakt sa potencijalnim kupcima, slu\u017eec\u0301i tako kao platforma za promociju zapo\u0161ljavanja \u017eena. Da bi se olak\u0161alo ovo umre\u017eavanje, platforma sadr\u017ei kontakt informacije svih [&hellip;]<\/p>\n","protected":false},"author":1,"featured_media":0,"parent":0,"menu_order":0,"comment_status":"closed","ping_status":"closed","template":"page-full-width.php","meta":[],"_links":{"self":[{"href":"https:\/\/dollama.org\/sr\/wp-json\/wp\/v2\/pages\/2378"}],"collection":[{"href":"https:\/\/dollama.org\/sr\/wp-json\/wp\/v2\/pages"}],"about":[{"href":"https:\/\/dollama.org\/sr\/wp-json\/wp\/v2\/types\/page"}],"author":[{"embeddable":true,"href":"https:\/\/dollama.org\/sr\/wp-json\/wp\/v2\/users\/1"}],"replies":[{"embeddable":true,"href":"https:\/\/dollama.org\/sr\/wp-json\/wp\/v2\/comments?post=2378"}],"version-history":[{"count":6,"href":"https:\/\/dollama.org\/sr\/wp-json\/wp\/v2\/pages\/2378\/revisions"}],"predecessor-version":[{"id":2532,"href":"https:\/\/dollama.org\/sr\/wp-json\/wp\/v2\/pages\/2378\/revisions\/2532"}],"wp:attachment":[{"href":"https:\/\/dollama.org\/sr\/wp-json\/wp\/v2\/media?parent=2378"}],"curies":[{"name":"wp","href":"https:\/\/api.w.org\/{rel}","templated":true}]}}