{"id":2382,"date":"2022-09-16T08:31:33","date_gmt":"2022-09-16T08:31:33","guid":{"rendered":"https:\/\/dollama.org\/the-training\/"},"modified":"2022-09-27T10:21:33","modified_gmt":"2022-09-27T10:21:33","slug":"the-training","status":"publish","type":"page","link":"https:\/\/dollama.org\/sr\/the-training\/","title":{"rendered":"Kurs za Dolame"},"content":{"rendered":"<p>[vc_row row_seperator=&#8220;row-line-seperator&#8220; top=&#8220;30px&#8220; bottom=&#8220;0px&#8220;][vc_column][mnky_heading title=&#8220;Kurs za Dolame&#8220; subtitle=&#8220;Certifikovani kandidati &#8211; Lista kontakata&#8220;][\/vc_column][\/vc_row][vc_row top=&#8220;20px&#8220; bottom=&#8220;20px&#8220;][vc_column][vc_images_carousel images=&#8220;2392,2206,2210,2214,2396,2223,2400,2227,2231,2235,2239,2243,2247,2404,1996,2000,2004,2408,2251,2255,2259&#8243; img_size=&#8220;full&#8220;][\/vc_column][\/vc_row][vc_row top=&#8220;35px&#8220; bottom=&#8220;35px&#8220;][vc_column][mnky_heading title=&#8220;Kontaktirajte da dobijete svoju prilago\u0111enu porud\u017ebinu&#8220; subtitle=&#8220;Kontakt informacije svih \u017eena obu\u010denih da primenjuju ovaj zanat, uz podr\u0161ku ovok projekta.&#8220;][\/vc_column][\/vc_row][vc_row top=&#8220;25px&#8220; bottom=&#8220;10px&#8220;][vc_column width=&#8220;1\/2&#8243;][vc_cta h2=&#8220;&#8220; add_icon=&#8220;left&#8220; i_icon_fontawesome=&#8220;far fa-address-card&#8220; i_color=&#8220;pink&#8220; css_animation=&#8220;none&#8220; i_on_border=&#8220;true&#8220;]<strong>Minire Binaj<\/strong><br \/>\nSertifikovani student<br \/>\n<strong>Email:<\/strong> <a href=\"mailto:minirebinaj01@gmail.com\" target=\"_blank\" rel=\"noopener\">minirebinaj01@gmail.com<\/a><br \/>\n<strong>Broj telefona:<\/strong> <a href=\"https:\/\/link-to-tel.herokuapp.com\/tel\/%2B38349244699\" target=\"_blank\" rel=\"noopener\">+38349244699<\/a><br \/>\n<strong><a href=\"https:\/\/www.facebook.com\/profile.php?id=100009087362608\" target=\"_blank\" rel=\"noopener\">Fejsbuk<\/a><\/strong><br \/>\n<a href=\"https:\/\/www.instagram.com\/addnajbi\/\" target=\"_blank\" rel=\"noopener\"><strong>Instagram<\/strong><\/a>[\/vc_cta][\/vc_column][vc_column width=&#8220;1\/2&#8243;][vc_cta h2=&#8220;&#8220; add_icon=&#8220;left&#8220; i_icon_fontawesome=&#8220;far fa-address-card&#8220; i_color=&#8220;pink&#8220; css_animation=&#8220;none&#8220; i_on_border=&#8220;true&#8220;]<strong>Rilinda Halimi<\/strong><br \/>\nSertifikovani student<br \/>\n<strong>Email:<\/strong> <a href=\"mailto:rilindahalimi928@gmial.com\" target=\"_blank\" rel=\"noopener\">rilindahalimi928@gmial.com<\/a><br \/>\n<strong>Broj telefona:<\/strong> <a href=\"https:\/\/link-to-tel.herokuapp.com\/tel\/%2B38349321034\">+38349321034<\/a><br \/>\n<a href=\"https:\/\/www.facebook.com\/erta.halimi\" target=\"_blank\" rel=\"noopener\"><strong>Fejsbuk<\/strong><\/a><br \/>\n<a href=\"https:\/\/www.instagram.com\/lindaa_erta\/\" target=\"_blank\" rel=\"noopener\"><strong>Instagram<\/strong><\/a>[\/vc_cta][\/vc_column][\/vc_row][vc_row top=&#8220;10px&#8220; bottom=&#8220;10px&#8220;][vc_column width=&#8220;1\/2&#8243;][vc_cta h2=&#8220;&#8220; add_icon=&#8220;left&#8220; i_icon_fontawesome=&#8220;far fa-address-card&#8220; i_color=&#8220;pink&#8220; css_animation=&#8220;none&#8220; i_on_border=&#8220;true&#8220;]<strong>Seniha Gashi<\/strong><br \/>\nSertifikovani student<br \/>\n<strong>Email:<\/strong> <a href=\"mailto:senijagashi@gmail.com\" target=\"_blank\" rel=\"noopener\">senijagashi@gmail.com<\/a><br \/>\n<strong>Broj telefona:<\/strong> <a href=\"https:\/\/link-to-tel.herokuapp.com\/tel\/%2B38344242996\" target=\"_blank\" rel=\"noopener\">+38344242996<\/a><br \/>\n<a href=\"https:\/\/www.facebook.com\/seniha.gashi.66\" target=\"_blank\" rel=\"noopener\"><strong>Fejsbuk<\/strong><\/a><br \/>\n<a href=\"https:\/\/www.instagram.com\/seniha_gashi\/\" target=\"_blank\" rel=\"noopener\"><strong>Instagram<\/strong><\/a>[\/vc_cta][\/vc_column][vc_column width=&#8220;1\/2&#8243;][vc_cta h2=&#8220;&#8220; add_icon=&#8220;left&#8220; i_icon_fontawesome=&#8220;far fa-address-card&#8220; i_color=&#8220;pink&#8220; css_animation=&#8220;none&#8220; i_on_border=&#8220;true&#8220;]<strong>Behare Kolukaj<\/strong><br \/>\nSertifikovani student<br \/>\n<strong>Email:<\/strong> <a href=\"mailto:beharenasufaj75@gmail.com\" target=\"_blank\" rel=\"noopener\">beharenasufaj75@gmail.com<\/a><br \/>\n<strong>Broj telefona:<\/strong> <a href=\"https:\/\/link-to-tel.herokuapp.com\/tel\/%2B38349651450\" target=\"_blank\" rel=\"noopener\">+38349651450<\/a><br \/>\n<a href=\"https:\/\/www.facebook.com\/andi.kolukaj\" target=\"_blank\" rel=\"noopener\"><strong>Fejsbuk<\/strong><\/a><br \/>\n<a href=\"https:\/\/www.instagram.com\/b.kolukaj\/\" target=\"_blank\" rel=\"noopener\"><strong>Instagram<\/strong><\/a>[\/vc_cta][\/vc_column][\/vc_row][vc_row top=&#8220;10px&#8220; bottom=&#8220;10px&#8220;][vc_column width=&#8220;1\/2&#8243;][vc_cta h2=&#8220;&#8220; add_icon=&#8220;left&#8220; i_icon_fontawesome=&#8220;far fa-address-card&#8220; i_color=&#8220;pink&#8220; css_animation=&#8220;none&#8220; i_on_border=&#8220;true&#8220;]<strong>Merdinant Hal\u00e7e<\/strong><br \/>\nSertifikovani student<br \/>\n<strong>Email:<\/strong> <a href=\"mailto:merdinant@yahoo.com\" target=\"_blank\" rel=\"noopener\">merdinant@yahoo.com<\/a><br \/>\n<strong>Broj telefona:<\/strong> <a href=\"https:\/\/link-to-tel.herokuapp.com\/tel\/%2B38344689629\" target=\"_blank\" rel=\"noopener\">+38344689629<\/a><br \/>\n<a href=\"https:\/\/www.facebook.com\/merdinant.halce\" target=\"_blank\" rel=\"noopener\"><strong>Fejsbuk<\/strong><\/a><br \/>\n<a href=\"https:\/\/www.instagram.com\/merdinant\/\" target=\"_blank\" rel=\"noopener\"><strong>Instagram<\/strong><\/a><\/p>\n<div><\/div>\n<p>[\/vc_cta][\/vc_column][vc_column width=&#8220;1\/2&#8243;][vc_cta h2=&#8220;&#8220; add_icon=&#8220;left&#8220; i_icon_fontawesome=&#8220;far fa-address-card&#8220; i_color=&#8220;pink&#8220; css_animation=&#8220;none&#8220; i_on_border=&#8220;true&#8220;]<strong>Gjeneta Veshall<\/strong><br \/>\nSertifikovani student<br \/>\n<strong>Email:<\/strong> <a href=\"mailto:gjeneta97@gmail.com\" target=\"_blank\" rel=\"noopener\">gjeneta97@gmail.com<\/a><br \/>\n<strong>Broj telefona:<\/strong> <a href=\"https:\/\/link-to-tel.herokuapp.com\/tel\/%2B38344414347\" target=\"_blank\" rel=\"noopener\">+38344414347<\/a><br \/>\n<a href=\"https:\/\/www.facebook.com\/profile.php?id=100011808125915\" target=\"_blank\" rel=\"noopener\"><strong>Fejsbuk<\/strong><\/a><br \/>\n<a href=\"https:\/\/www.instagram.com\/xhenetaveshall\/\" target=\"_blank\" rel=\"noopener\"><strong>Instagram<\/strong><\/a>[\/vc_cta][\/vc_column][\/vc_row][vc_row top=&#8220;10px&#8220; bottom=&#8220;10px&#8220;][vc_column width=&#8220;1\/2&#8243;][vc_cta h2=&#8220;&#8220; add_icon=&#8220;left&#8220; i_icon_fontawesome=&#8220;far fa-address-card&#8220; i_color=&#8220;pink&#8220; css_animation=&#8220;none&#8220; i_on_border=&#8220;true&#8220;]<strong>Arza Diliji<\/strong><br \/>\nSertifikovani student<br \/>\n<strong>Email:<\/strong> <a href=\"mailto:arzadd@hotmail.com\" target=\"_blank\" rel=\"noopener\">arzadd@hotmail.com<\/a><br \/>\n<strong>Broj telefona:<\/strong> <a href=\"https:\/\/link-to-tel.herokuapp.com\/tel\/%2B38344282952\" target=\"_blank\" rel=\"noopener\">+38344282952<\/a><br \/>\n<a href=\"https:\/\/www.facebook.com\/arza.demiridilji\" target=\"_blank\" rel=\"noopener\"><strong>Fejsbuk<\/strong><\/a><br \/>\n<a href=\"https:\/\/www.instagram.com\/dressdesign.arza\/\" target=\"_blank\" rel=\"noopener\"><strong>Instagram<\/strong><\/a><\/p>\n<div><\/div>\n<p>[\/vc_cta][\/vc_column][vc_column width=&#8220;1\/2&#8243;][vc_cta h2=&#8220;&#8220; add_icon=&#8220;left&#8220; i_icon_fontawesome=&#8220;far fa-address-card&#8220; i_color=&#8220;pink&#8220; css_animation=&#8220;none&#8220; i_on_border=&#8220;true&#8220;]<strong>Mirlinda Bajraktari<\/strong><br \/>\nSertifikovani student<br \/>\n<strong>Email:<\/strong> <a href=\"mailto:mirlinda.bajraktari04@gmail.com\" target=\"_blank\" rel=\"noopener\">mirlinda.bajraktari04@gmail.com<\/a><br \/>\n<strong>Broj telefona:<\/strong> <a href=\"https:\/\/link-to-tel.herokuapp.com\/tel\/%2B38345948742\" target=\"_blank\" rel=\"noopener\">+38345948742<\/a><br \/>\n<a href=\"https:\/\/www.facebook.com\/mirlinda.a.bajraktari\" target=\"_blank\" rel=\"noopener\"><strong>Fejsbuk<\/strong><\/a><br \/>\n<a href=\"https:\/\/www.instagram.com\/b.mirelinda\/\" target=\"_blank\" rel=\"noopener\"><strong>Instagram<\/strong><\/a>[\/vc_cta][\/vc_column][\/vc_row][vc_row top=&#8220;10px&#8220; bottom=&#8220;10px&#8220;][vc_column width=&#8220;1\/2&#8243;][vc_cta h2=&#8220;&#8220; add_icon=&#8220;left&#8220; i_icon_fontawesome=&#8220;far fa-address-card&#8220; i_color=&#8220;pink&#8220; css_animation=&#8220;none&#8220; i_on_border=&#8220;true&#8220;]<strong>Nashide Shehu<\/strong><br \/>\nSertifikovani student<br \/>\n<strong>Email:<\/strong> <a href=\"mailto:nashideshehu86@gmail.com\" target=\"_blank\" rel=\"noopener\">nashideshehu86@gmail.com<\/a><br \/>\n<strong>Broj telefona:<\/strong><a href=\"https:\/\/link-to-tel.herokuapp.com\/tel\/%2B38349556539\" target=\"_blank\" rel=\"noopener\"> +38349556539<\/a><br \/>\n<a href=\"https:\/\/www.facebook.com\/nashide.shehu\" target=\"_blank\" rel=\"noopener\"><strong>Fejsbuk<\/strong><\/a><br \/>\n<a href=\"https:\/\/www.instagram.com\/nashideshehu86\/\" target=\"_blank\" rel=\"noopener\"><strong>Instagram<\/strong><\/a><\/p>\n<div><\/div>\n<p>[\/vc_cta][\/vc_column][vc_column width=&#8220;1\/2&#8243;][vc_cta h2=&#8220;&#8220; add_icon=&#8220;left&#8220; i_icon_fontawesome=&#8220;far fa-address-card&#8220; i_color=&#8220;pink&#8220; css_animation=&#8220;none&#8220; i_on_border=&#8220;true&#8220;]<strong>Qamile Bytyqi<\/strong><br \/>\nSertifikovani student<br \/>\n<strong>Email:<\/strong> <a href=\"mailto:pashtriku74@hotmail.com\" target=\"_blank\" rel=\"noopener\">pashtriku74@hotmail.com<\/a><br \/>\n<strong>Broj telefona:<\/strong> <a href=\"https:\/\/link-to-tel.herokuapp.com\/tel\/%2B38349530813\" target=\"_blank\" rel=\"noopener\">+38349530813<\/a><br \/>\n<strong>Fejsbuk<\/strong><br \/>\n<a href=\"https:\/\/www.instagram.com\/punedore_erisa\/\" target=\"_blank\" rel=\"noopener\"><strong>Instagram\u00a0<\/strong><\/a><\/p>\n<div><\/div>\n<p>[\/vc_cta][\/vc_column][\/vc_row][vc_row top=&#8220;10px&#8220; bottom=&#8220;10px&#8220;][vc_column width=&#8220;1\/2&#8243;][vc_cta h2=&#8220;&#8220; add_icon=&#8220;left&#8220; i_icon_fontawesome=&#8220;far fa-address-card&#8220; i_color=&#8220;pink&#8220; css_animation=&#8220;none&#8220; i_on_border=&#8220;true&#8220;]<strong>Haxhere Topalli Danhoxha<\/strong><br \/>\nSertifikovani student<br \/>\n<strong>Email:<\/strong> <a href=\"mailto:haxhere.d86@gmail.com\" target=\"_blank\" rel=\"noopener\">haxhere.d86@gmail.com<\/a><br \/>\n<strong>Broj telefona:<\/strong>\u00a0<a href=\"https:\/\/link-to-tel.herokuapp.com\/tel\/%2B383049489669\" target=\"_blank\" rel=\"noopener\">+383049489669<\/a><br \/>\n<a href=\"https:\/\/www.facebook.com\/haxhere.danhoxha\" target=\"_blank\" rel=\"noopener\"><strong>Fejsbuk<\/strong><\/a><br \/>\n<a href=\"https:\/\/www.instagram.com\/haxhere.d86\/\" target=\"_blank\" rel=\"noopener\"><strong>Instagram<\/strong><\/a><\/p>\n<div><\/div>\n<p>[\/vc_cta][\/vc_column][vc_column width=&#8220;1\/2&#8243;][vc_cta h2=&#8220;&#8220; add_icon=&#8220;left&#8220; i_icon_fontawesome=&#8220;far fa-address-card&#8220; i_color=&#8220;pink&#8220; css_animation=&#8220;none&#8220; i_on_border=&#8220;true&#8220;]<strong>Neriman Kreka<\/strong><br \/>\nSertifikovani student<br \/>\n<strong>Email:<\/strong> <a href=\"mailto:nerimankreka1@gmail.com\" target=\"_blank\" rel=\"noopener\">nerimankreka1@gmail.com<\/a><br \/>\n<strong>Broj telefona:<\/strong> <a href=\"https:\/\/link-to-tel.herokuapp.com\/tel\/%2B38344801251\" target=\"_blank\" rel=\"noopener\">+38344801251<\/a><br \/>\n<a href=\"https:\/\/www.instagram.com\/neriman.kreka\/\" target=\"_blank\" rel=\"noopener\"><strong>Instagram<\/strong><\/a><br \/>\n<strong>\u00a0<\/strong><\/p>\n<div><\/div>\n<p>[\/vc_cta][\/vc_column][\/vc_row][vc_row top=&#8220;10px&#8220; bottom=&#8220;10px&#8220;][vc_column width=&#8220;1\/2&#8243;][vc_cta h2=&#8220;&#8220; add_icon=&#8220;left&#8220; i_icon_fontawesome=&#8220;far fa-address-card&#8220; i_color=&#8220;pink&#8220; css_animation=&#8220;none&#8220; i_on_border=&#8220;true&#8220;]<strong>Ulfete Susuri<\/strong><br \/>\nSertifikovani student<br \/>\n<strong>Email:<\/strong> <a href=\"mailto:ulfetesusuri6@gmail.com\" target=\"_blank\" rel=\"noopener\">ulfetesusuri6@gmail.com<\/a><br \/>\n<strong>Broj telefona:<\/strong>\u00a0<a href=\"https:\/\/link-to-tel.herokuapp.com\/tel\/%2B38349686084\" target=\"_blank\" rel=\"noopener\">+38349686084<\/a><br \/>\n<a href=\"https:\/\/www.instagram.com\/___.iffet\/\" target=\"_blank\" rel=\"noopener\"><strong>Instagram Account<\/strong><\/a><br \/>\n<strong>\u00a0<\/strong><\/p>\n<div><\/div>\n<p>[\/vc_cta][\/vc_column][vc_column width=&#8220;1\/2&#8243;][vc_cta h2=&#8220;&#8220; add_icon=&#8220;left&#8220; i_icon_fontawesome=&#8220;far fa-address-card&#8220; i_color=&#8220;pink&#8220; css_animation=&#8220;none&#8220; i_on_border=&#8220;true&#8220;]<strong>Figen Daka<\/strong><br \/>\nSertifikovani student<br \/>\n<strong>Broj telefona:<\/strong> <a href=\"https:\/\/link-to-tel.herokuapp.com\/tel\/%2B38344217130\" target=\"_blank\" rel=\"noopener\">+38344217130<\/a><br \/>\n<a href=\"https:\/\/www.facebook.com\/figen.dervisdaka\" target=\"_blank\" rel=\"noopener\"><strong>Fejsbuk<\/strong><\/a><br \/>\n<strong>Instagram:<\/strong> <a href=\"https:\/\/www.instagram.com\/figendaka\/\" target=\"_blank\" rel=\"noopener\">@figendaka<\/a> &amp; <a href=\"https:\/\/www.instagram.com\/fd_leather_handmade\/\" target=\"_blank\" rel=\"noopener\">@fd_leather_handramde<\/a><br \/>\n<strong>\u00a0<\/strong><\/p>\n<div><\/div>\n<p>[\/vc_cta][\/vc_column][\/vc_row][vc_row top=&#8220;10px&#8220; bottom=&#8220;10px&#8220;][vc_column width=&#8220;1\/2&#8243;][vc_cta h2=&#8220;&#8220; add_icon=&#8220;left&#8220; i_icon_fontawesome=&#8220;far fa-address-card&#8220; i_color=&#8220;pink&#8220; css_animation=&#8220;none&#8220; i_on_border=&#8220;true&#8220;]<strong>Admiri Aliti<\/strong><br \/>\nSertifikovani student<br \/>\n<strong>Broj telefona:<\/strong>\u00a0<a href=\"https:\/\/link-to-tel.herokuapp.com\/tel\/%2B38344463741\" target=\"_blank\" rel=\"noopener\">+38344463741<\/a><br \/>\n<a href=\"https:\/\/www.facebook.com\/admira.pandzialiti\" target=\"_blank\" rel=\"noopener\"><strong>Fejsbuk<\/strong><\/a><br \/>\n<a href=\"https:\/\/www.instagram.com\/admirabakija\/\" target=\"_blank\" rel=\"noopener\"><strong>Instagram<\/strong><\/a><\/p>\n<div><\/div>\n<p>[\/vc_cta][\/vc_column][vc_column width=&#8220;1\/2&#8243;][vc_cta h2=&#8220;&#8220; add_icon=&#8220;left&#8220; i_icon_fontawesome=&#8220;far fa-address-card&#8220; i_color=&#8220;pink&#8220; css_animation=&#8220;none&#8220; i_on_border=&#8220;true&#8220;]<strong>Mirveta Mejzini<\/strong><br \/>\nSertifikovani student<br \/>\n<strong>Broj telefona:<\/strong>\u00a0<a href=\"https:\/\/link-to-tel.herokuapp.com\/tel\/%2B38349608376\" target=\"_blank\" rel=\"noopener\">+38349608376<\/a><br \/>\n<a href=\"https:\/\/www.facebook.com\/mirvete.mej\" target=\"_blank\" rel=\"noopener\"><strong>Fejsbuk<\/strong><\/a><br \/>\n<a href=\"https:\/\/www.instagram.com\/mirvete.mej\/\" target=\"_blank\" rel=\"noopener\"><strong>Instagram<\/strong><\/a><\/p>\n<div><\/div>\n<p>[\/vc_cta][\/vc_column][\/vc_row][vc_row top=&#8220;10px&#8220; bottom=&#8220;10px&#8220;][vc_column width=&#8220;1\/2&#8243;][vc_cta h2=&#8220;&#8220; add_icon=&#8220;left&#8220; i_icon_fontawesome=&#8220;far fa-address-card&#8220; i_color=&#8220;pink&#8220; css_animation=&#8220;none&#8220; i_on_border=&#8220;true&#8220;]<strong>Arifqe Bytyqi<\/strong><br \/>\nSertifikovani student<br \/>\n<strong>Broj telefona:<\/strong>\u00a0<a href=\"https:\/\/link-to-tel.herokuapp.com\/tel\/%2B38343710634\" target=\"_blank\" rel=\"noopener\">+38343710634<\/a><br \/>\n<a href=\"https:\/\/www.facebook.com\/arifqe.mejzini.1\" target=\"_blank\" rel=\"noopener\"><strong>Fejsbuk<\/strong><\/a><br \/>\n<a href=\"https:\/\/www.instagram.com\/arifqe.mejzini\/\" target=\"_blank\" rel=\"noopener\"><strong>Instagram<\/strong><\/a><br \/>\n<strong>\u00a0<\/strong><\/p>\n<div><\/div>\n<p>[\/vc_cta][\/vc_column][vc_column width=&#8220;1\/2&#8243;][vc_cta h2=&#8220;&#8220; add_icon=&#8220;left&#8220; i_icon_fontawesome=&#8220;far fa-address-card&#8220; i_color=&#8220;pink&#8220; css_animation=&#8220;none&#8220; i_on_border=&#8220;true&#8220;]<strong>Fetije Gashi<\/strong><br \/>\nSertifikovani student<br \/>\n<strong>Broj telefona:<\/strong>\u00a0<a href=\"https:\/\/link-to-tel.herokuapp.com\/tel\/%2B38343747322\" target=\"_blank\" rel=\"noopener\">+38343747322<\/a><br \/>\n<a href=\"https:\/\/www.instagram.com\/_v.tije._\/\" target=\"_blank\" rel=\"noopener\"><strong>Instagram<\/strong><\/a><br \/>\n<strong>\u00a0<\/strong><br \/>\n<strong>\u00a0<\/strong><\/p>\n<div><\/div>\n<p>[\/vc_cta][\/vc_column][\/vc_row][vc_row top=&#8220;10px&#8220; bottom=&#8220;10px&#8220;][vc_column width=&#8220;1\/2&#8243;][vc_cta h2=&#8220;&#8220; add_icon=&#8220;left&#8220; i_icon_fontawesome=&#8220;far fa-address-card&#8220; i_color=&#8220;pink&#8220; css_animation=&#8220;none&#8220; i_on_border=&#8220;true&#8220;]<strong>\u010camilje Kulji\u0107i<\/strong><br \/>\nSertifikovani student<br \/>\n<strong>Email:<\/strong> <a href=\"mailto:camiljakuljici76@gmail.com\" target=\"_blank\" rel=\"noopener\">camiljakuljici76@gmail.com<\/a><br \/>\n<strong>Broj telefona:<\/strong><a href=\"https:\/\/link-to-tel.herokuapp.com\/tel\/%2B38345215358\" target=\"_blank\" rel=\"noopener\"> +38345215358<\/a><br \/>\n<a href=\"https:\/\/www.facebook.com\/camilja.kuljici\" target=\"_blank\" rel=\"noopener\"><strong>Fejsbuk<\/strong><\/a><br \/>\n<a href=\"https:\/\/www.instagram.com\/kuljicamilja\/\" target=\"_blank\" rel=\"noopener\"><strong>Instagram<\/strong><\/a><br \/>\n<strong>\u00a0<\/strong><\/p>\n<div><\/div>\n<p>[\/vc_cta][\/vc_column][vc_column width=&#8220;1\/2&#8243;][vc_cta h2=&#8220;&#8220; add_icon=&#8220;left&#8220; i_icon_fontawesome=&#8220;far fa-address-card&#8220; i_color=&#8220;pink&#8220; css_animation=&#8220;none&#8220; i_on_border=&#8220;true&#8220;]<strong>Dafina Krasniqi<\/strong><br \/>\nSertifikovani student<br \/>\n<strong>Email:<\/strong> <a href=\"mailto:muhamedkrasniqi446@gmail.com\" target=\"_blank\" rel=\"noopener\">muhamedkrasniqi446@gmail.com<\/a><br \/>\n<strong>Broj telefona:<\/strong><a href=\"https:\/\/link-to-tel.herokuapp.com\/tel\/%2B38344569672\" target=\"_blank\" rel=\"noopener\">+38344569672<\/a><br \/>\n<strong>Fejsbuk<\/strong><br \/>\n<strong>Instagram<\/strong><br \/>\n<strong>\u00a0<\/strong><\/p>\n<div><\/div>\n<p>[\/vc_cta][\/vc_column][\/vc_row][vc_row top=&#8220;10px&#8220; bottom=&#8220;10px&#8220;][vc_column width=&#8220;1\/2&#8243;][vc_cta h2=&#8220;&#8220; add_icon=&#8220;left&#8220; i_icon_fontawesome=&#8220;far fa-address-card&#8220; i_color=&#8220;pink&#8220; css_animation=&#8220;none&#8220; i_on_border=&#8220;true&#8220;]<strong>Suada Purova<\/strong><br \/>\nSertifikovani student<br \/>\n<strong>Email:<\/strong><br \/>\n<strong>Broj telefona: <\/strong><a href=\"https:\/\/link-to-tel.herokuapp.com\/tel\/%2B38345215358\" target=\"_blank\" rel=\"noopener\">+38345215358<\/a><br \/>\n<a href=\"https:\/\/www.facebook.com\/suada.alban\" target=\"_blank\" rel=\"noopener\"><strong>Fejsbuk<\/strong><\/a><br \/>\n<strong>Instagram<\/strong><br \/>\n<strong>\u00a0<\/strong><\/p>\n<div><\/div>\n<p>[\/vc_cta][\/vc_column][vc_column width=&#8220;1\/2&#8243;][vc_cta h2=&#8220;&#8220; add_icon=&#8220;left&#8220; i_icon_fontawesome=&#8220;far fa-address-card&#8220; i_color=&#8220;pink&#8220; css_animation=&#8220;none&#8220; i_on_border=&#8220;true&#8220;]<strong>Fakete Durguti<\/strong><br \/>\nSertifikovani student<br \/>\n<strong>Email:<\/strong> <a href=\"mailto:faketedurguti@gmail.com\" target=\"_blank\" rel=\"noopener\">faketedurguti@gmail.com<\/a><br \/>\n<strong>Broj telefona:<\/strong><a href=\"https:\/\/link-to-tel.herokuapp.com\/tel\/%2B38345564359\" target=\"_blank\" rel=\"noopener\">+38345564359<\/a><br \/>\n<strong><a href=\"https:\/\/www.facebook.com\/fakete.durguti\" target=\"_blank\" rel=\"noopener\">Fejsbuk<\/a><\/strong><br \/>\n<a href=\"https:\/\/www.instagram.com\/fakete_durguti\/\" target=\"_blank\" rel=\"noopener\"><strong>Instagram Account<\/strong><\/a><br \/>\n<strong>\u00a0<\/strong><\/p>\n<div><\/div>\n<p>[\/vc_cta][\/vc_column][\/vc_row][vc_row textalign=&#8220;right&#8220; bg_color=&#8220;#e74d3d&#8220; font_color=&#8220;#ffffff&#8220;][vc_column width=&#8220;5\/6&#8243; css=&#8220;.vc_custom_1426777723722{padding-right: 60px !important;}&#8220;][vc_column_text]<\/p>\n<p style=\"text-align: left;\"><span style=\"font-size: 24px;\">&#8222;Dolama, kulturno bogatstvo Kosova&#8220;<\/span><\/p>\n<p style=\"text-align: left;\">Dollama.org ima za cilj da pomogne \u017eenama koje su zavr\u0161ile obuku za proizvodnju dolama (tradicionalne odec\u0301e za neveste na Kosovu) da ih dovedu u kontakt sa potencijalnim kupcima, slu\u017eec\u0301i tako kao platforma za promociju zapo\u0161ljavanja \u017eena.<\/p>\n<p>[\/vc_column_text][\/vc_column][vc_column width=&#8220;1\/6&#8243;][vc_single_image image=&#8220;2384&#8243; img_size=&#8220;full&#8220; alignment=&#8220;center&#8220; onclick=&#8220;custom_link&#8220; link=&#8220;https:\/\/dollama.org\/the-project\/&#8220;][\/vc_column][\/vc_row][vc_row top=&#8220;20px&#8220; bottom=&#8220;20px&#8220;][vc_column][vc_column_text][\/vc_column_text][\/vc_column][\/vc_row][vc_row top=&#8220;40px&#8220; bottom=&#8220;20px&#8220; bg_color=&#8220;#000000&#8243;][vc_column][vc_column_text]<strong>Ova veb stranica je omoguc\u0301ena finansijskom podr\u0161kom Evropske unije.<\/strong> Sadr\u017eaj istog isklju\u010diva je odgovornost organizacije &#8222;EC Ma Ndryshe&#8220; i ni na koji na\u010din ne odra\u017eava stavove Evropske unije niti partnera za realizaciju Programa za razvoj Ujedinjenih nacija (UNDP).<\/p>\n<p>Projekat sprovodi NVO EC Ma Ndryshe &#8222;Dolama, kulturno bogatstvo Kosova&#8220; i deo je finansijskog granta u okviru projekta &#8222;Kulturno nasle\u0111e kao pokreta\u010da dijaloga me\u0111u zajednicama i socijalne kohezije&#8220; koji finansira Slu\u017eba za Instrumente Spoljne Politike Evropske Unije(FPI), a sprovodi Program za razvoj Ujedinjenih nacija (UNDP).[\/vc_column_text][vc_empty_space height=&#8220;10px&#8220;][\/vc_column][\/vc_row][vc_row top=&#8220;20px&#8220; bottom=&#8220;20px&#8220;][vc_column][vc_column_text][\/vc_column_text][\/vc_column][\/vc_row][vc_row top=&#8220;10px&#8220; bottom=&#8220;10px&#8220; bg_color=&#8220;#0a0a0a&#8220;][vc_column][vc_column_text]<\/p>\n<p style=\"text-align: center;\">\u00a9 2022\u00a0EC Ma Ndryshe<\/p>\n<p>[\/vc_column_text][\/vc_column][\/vc_row]<\/p>\n","protected":false},"excerpt":{"rendered":"<p>[vc_row row_seperator=&#8220;row-line-seperator&#8220; top=&#8220;30px&#8220; bottom=&#8220;0px&#8220;][vc_column][mnky_heading title=&#8220;Kurs za Dolame&#8220; subtitle=&#8220;Certifikovani kandidati &#8211; Lista kontakata&#8220;][\/vc_column][\/vc_row][vc_row top=&#8220;20px&#8220; bottom=&#8220;20px&#8220;][vc_column][vc_images_carousel images=&#8220;2392,2206,2210,2214,2396,2223,2400,2227,2231,2235,2239,2243,2247,2404,1996,2000,2004,2408,2251,2255,2259&#8243; img_size=&#8220;full&#8220;][\/vc_column][\/vc_row][vc_row top=&#8220;35px&#8220; bottom=&#8220;35px&#8220;][vc_column][mnky_heading title=&#8220;Kontaktirajte da dobijete svoju prilago\u0111enu porud\u017ebinu&#8220; subtitle=&#8220;Kontakt informacije svih \u017eena obu\u010denih da primenjuju ovaj zanat, uz podr\u0161ku ovok projekta.&#8220;][\/vc_column][\/vc_row][vc_row top=&#8220;25px&#8220; bottom=&#8220;10px&#8220;][vc_column width=&#8220;1\/2&#8243;][vc_cta h2=&#8220;&#8220; add_icon=&#8220;left&#8220; i_icon_fontawesome=&#8220;far fa-address-card&#8220; i_color=&#8220;pink&#8220; css_animation=&#8220;none&#8220; i_on_border=&#8220;true&#8220;]Minire Binaj Sertifikovani student Email: minirebinaj01@gmail.com Broj telefona: +38349244699 [&hellip;]<\/p>\n","protected":false},"author":1,"featured_media":0,"parent":0,"menu_order":0,"comment_status":"closed","ping_status":"closed","template":"page-full-width.php","meta":[],"_links":{"self":[{"href":"https:\/\/dollama.org\/sr\/wp-json\/wp\/v2\/pages\/2382"}],"collection":[{"href":"https:\/\/dollama.org\/sr\/wp-json\/wp\/v2\/pages"}],"about":[{"href":"https:\/\/dollama.org\/sr\/wp-json\/wp\/v2\/types\/page"}],"author":[{"embeddable":true,"href":"https:\/\/dollama.org\/sr\/wp-json\/wp\/v2\/users\/1"}],"replies":[{"embeddable":true,"href":"https:\/\/dollama.org\/sr\/wp-json\/wp\/v2\/comments?post=2382"}],"version-history":[{"count":9,"href":"https:\/\/dollama.org\/sr\/wp-json\/wp\/v2\/pages\/2382\/revisions"}],"predecessor-version":[{"id":2541,"href":"https:\/\/dollama.org\/sr\/wp-json\/wp\/v2\/pages\/2382\/revisions\/2541"}],"wp:attachment":[{"href":"https:\/\/dollama.org\/sr\/wp-json\/wp\/v2\/media?parent=2382"}],"curies":[{"name":"wp","href":"https:\/\/api.w.org\/{rel}","templated":true}]}}