{"id":2347,"date":"2015-01-21T12:05:02","date_gmt":"2015-01-21T12:05:02","guid":{"rendered":"https:\/\/dollama.org\/home\/"},"modified":"2022-09-27T08:41:01","modified_gmt":"2022-09-27T08:41:01","slug":"home","status":"publish","type":"page","link":"https:\/\/dollama.org\/tr\/","title":{"rendered":"Ana Sayfa"},"content":{"rendered":"<p>[vc_row top=&#8221;1px&#8221; bottom=&#8221;1px&#8221;][vc_column][vc_empty_space height=&#8221;5px&#8221;][\/vc_column][\/vc_row][vc_row full_content_width=&#8221;row-inner-full&#8221; parallax_bg=&#8221;parallax-bg&#8221; bg_cover=&#8221;cover&#8221; bg_repeat=&#8221;no-repeat&#8221; bg_position=&#8221;Center bottom&#8221; textalign=&#8221;center&#8221; top=&#8221;130px&#8221; bottom=&#8221;130px&#8221; font_color=&#8221;#ffffff&#8221; bg_color=&#8221;#3a281c&#8221; bg_image=&#8221;2039&#8243;][vc_column][vc_empty_space height=&#8221;160px&#8221;][vc_column_text]24 aday\u0131n &#8220;Dollama Yap\u0131m\u0131&#8221; el sanatlar\u0131 e\u011fitimini tamamlad\u0131\u011f\u0131n\u0131 duyurmaktan heyecan duyuyoruz.<br \/>\n\u00d6zel sipari\u015finiz i\u00e7in a\u015fa\u011f\u0131daki ba\u011flant\u0131dan her biri ile ileti\u015fime ge\u00e7ebilirsiniz:[\/vc_column_text][vc_empty_space height=&#8221;40px&#8221;][mnky_button title=&#8221;Sertifikal\u0131 Adaylar&#8221; bg_color=&#8221;#d12035&#8243; color=&#8221;#ffffff&#8221; bg_hover_color=&#8221;flat-watermelon&#8221; icon_type=&#8221;entypo&#8221; css_animation=&#8221;left-to-right&#8221; icon_entypo=&#8221;entypo-icon entypo-icon-user-add&#8221; link=&#8221;url:https%3A%2F%2Fdollama.org%2Fthe-training%2F&#8221;][\/vc_column][\/vc_row][vc_row bottom=&#8221;35px&#8221; bg_color=&#8221;#ffffff&#8221;][vc_column css=&#8221;.vc_custom_1663096618030{background-color: #ffffff !important;}&#8221;][vc_row_inner][vc_column_inner width=&#8221;1\/12&#8243;][vc_empty_space height=&#8221;50px&#8221;][\/vc_column_inner][vc_column_inner width=&#8221;2\/6&#8243;][mnky_team img_url=&#8221;1692&#8243; name=&#8221;Sebahat Kabashi&#8221; position=&#8221;Dolama e\u011fitmeni ve zanaatkar\u0131&#8221; css_animation=&#8221;fadeInLeft&#8221;]Bu zanaat \u00f6\u011frenilebilir, ancak \u00f6\u011frenmenmek arzudan gelir. Birinin \u00f6\u011frenme arzusu varsa, bunu yapacak ve her \u015feyi ba\u015faracakt\u0131r.[\/mnky_team][\/vc_column_inner][vc_column_inner width=&#8221;1\/6&#8243;][vc_empty_space height=&#8221;50px&#8221;][\/vc_column_inner][vc_column_inner width=&#8221;2\/6&#8243;][mnky_team img_url=&#8221;1688&#8243; name=&#8221;Zejxhan Celina&#8221; position=&#8221;Dolama e\u011fitmeni&#8221; css_animation=&#8221;fadeInLeft&#8221;]&#8221;Dollama&#8221; yapmak bug\u00fcn ba\u015flay\u0131p bitirebilece\u011finiz bir i\u015f de\u011fildir, zaman ve sab\u0131r gerektiren uzun bir s\u00fcre\u00e7ten olu\u015fur.[\/mnky_team][\/vc_column_inner][vc_column_inner width=&#8221;1\/12&#8243;][vc_empty_space height=&#8221;50px&#8221;][\/vc_column_inner][\/vc_row_inner][\/vc_column][\/vc_row][vc_row row_seperator=&#8221;row-line-seperator&#8221; top=&#8221;50px&#8221; bottom=&#8221;25px&#8221;][vc_column][mnky_heading title=&#8221;E\u011fitimi tamamlam\u0131\u015f kat\u0131l\u0131mc\u0131lar.&#8221; subtitle=&#8221;Proje hakk\u0131nda ne dediler? &#8220;Dollama&#8220; modernle\u015fiyor mu?&#8221;][\/vc_column][\/vc_row][vc_row font_weight=&#8221;lighter&#8221; top=&#8221;60px&#8221; bottom=&#8221;50px&#8221;][vc_column width=&#8221;1\/3&#8243;][mnky_colored_box img_url=&#8221;1705&#8243; bg_color=&#8221;#2d2d2d&#8221; css_animation=&#8221;bottom-to-top&#8221;]<span style=\"color: #ffffff;\">Buraya geldim \u00e7\u00fcnk\u00fc \u00e7ah\u015fmaktan, bu zanaat\u0131 \u00f6\u011frenmekten keyif aldim. Gelecekle ilgili planlar\u0131m, e\u011fer f\u0131rsat olursa evden \u00e7ah\u015fmaya devam etmektir.<\/span>[\/mnky_colored_box][\/vc_column][vc_column width=&#8221;1\/3&#8243;][mnky_colored_box img_url=&#8221;1706&#8243; bg_color=&#8221;#e74d3d&#8221; css_animation=&#8221;bottom-to-top&#8221; css_animation_delay=&#8221;delay-300&#8243;]<span style=\"color: #ffffff;\">Amac\u0131m bu becerileri sadece d\u00fc\u011f\u00fcnlerde kullan\u0131lmas\u0131 i\u00e7in de\u011fil, g\u00fcn\u00fcm\u00fcz k\u0131yafetlerinde de uyarlamak. G\u00fcnl\u00fck k\u0131yafetlerde kullan\u0131lacak \u015fekilde tasarlamak istiyorum.<\/span>[\/mnky_colored_box][\/vc_column][vc_column width=&#8221;1\/3&#8243;][mnky_colored_box img_url=&#8221;1708&#8243; bg_color=&#8221;#2d2d2d&#8221; css_animation=&#8221;bottom-to-top&#8221; css_animation_delay=&#8221;delay-600&#8243;]<span style=\"color: #ffffff;\">Ilk ba\u015fta biraz zor oldu. \u0130\u011fneyi al\u0131nca ellerim titriyordu. Ama \u015fimdi \u00e7ok daha iyi, \u00e7ok kolay.<\/span>[\/mnky_colored_box][\/vc_column][\/vc_row][vc_row font_weight=&#8221;lighter&#8221; top=&#8221;60px&#8221; bottom=&#8221;50px&#8221;][vc_column width=&#8221;1\/3&#8243;][mnky_colored_box img_url=&#8221;1712&#8243; bg_color=&#8221;#2d2d2d&#8221; css_animation=&#8221;bottom-to-top&#8221;]<span style=\"color: #ffffff;\">Kursu bitirdikten sonra kursta boyunca yapt\u0131\u011f\u0131m \u00e7al\u0131\u015fmalar\u0131 dolama, yelek, pa\u00e7al\u0131k, kolan\u0131 Instagram ve Facebook&#8217;ta payla\u015ft\u0131m. Sonra sipari\u015fler geli.<\/span>[\/mnky_colored_box][\/vc_column][vc_column width=&#8221;1\/3&#8243;][mnky_colored_box img_url=&#8221;1710&#8243; bg_color=&#8221;#e74d3d&#8221; css_animation=&#8221;bottom-to-top&#8221; css_animation_delay=&#8221;delay-300&#8243;]<span style=\"color: #ffffff;\">Dolama \u00e7al\u0131\u015fmak istedim. Daha \u00f6nce bu zanaat\u0131 \u00f6\u011frenme f\u0131rsat\u0131m olmad\u0131.<\/span>[\/mnky_colored_box][\/vc_column][vc_column width=&#8221;1\/3&#8243;][mnky_colored_box img_url=&#8221;1711&#8243; bg_color=&#8221;#2d2d2d&#8221; css_animation=&#8221;bottom-to-top&#8221; css_animation_delay=&#8221;delay-600&#8243;]<span style=\"color: #ffffff;\">\u0130\u015fi o kadar seviyorum ve bana o kadar g\u00fczel g\u00f6r\u00fcn\u00fcyor ki dolamay\u0131 yan\u0131ma ahp evde \u00e7al\u0131\u015f\u0131yorum. Bu zanaat ile pazara ula\u015fmay\u0131 hedefliyoruz. <\/span>[\/mnky_colored_box][\/vc_column][\/vc_row][vc_row textalign=&#8221;right&#8221; bg_color=&#8221;#e74d3d&#8221; font_color=&#8221;#ffffff&#8221;][vc_column width=&#8221;5\/6&#8243; css=&#8221;.vc_custom_1426777723722{padding-right: 60px !important;}&#8221;][vc_column_text]<\/p>\n<p style=\"text-align: left;\"><span style=\"font-size: 24px;\">&#8220;Kosova\u2019n\u0131n k\u00fclt\u00fcrel bir miras\u0131, Dolama&#8221;<\/span><\/p>\n<p style=\"text-align: left;\">Dollama.org, dolama (Kosova&#8217;da geleneksel gelin k\u0131yafeti) \u00fcretimi konusunda e\u011fitim alm\u0131\u015f kad\u0131nlar\u0131n potansiyel al\u0131c\u0131larla temasa ge\u00e7melerine yard\u0131mc\u0131 olmay\u0131 ve b\u00f6ylece kad\u0131n istihdam\u0131n\u0131n te\u015fviki i\u00e7in bir platform olarak hizmet etmeyi ama\u00e7l\u0131yor.<\/p>\n<p>[\/vc_column_text][\/vc_column][vc_column width=&#8221;1\/6&#8243;][vc_single_image image=&#8221;2424&#8243; img_size=&#8221;full&#8221; alignment=&#8221;center&#8221; onclick=&#8221;custom_link&#8221; link=&#8221;https:\/\/dollama.org\/tr\/the-training\/&#8221;][\/vc_column][\/vc_row][vc_row top=&#8221;20px&#8221; bottom=&#8221;20px&#8221;][vc_column][vc_column_text][\/vc_column_text][\/vc_column][\/vc_row][vc_row top=&#8221;40px&#8221; bottom=&#8221;20px&#8221; bg_color=&#8221;#000000&#8243;][vc_column][vc_column_text]<strong>Bu web sitesi Avrupa Birli\u011fi&#8217;nin mali deste\u011fi ile haz\u0131rlanm\u0131\u015ftir<\/strong>. \u0130\u00e7eri\u011fi tamamen &#8220;EC Ma Ndryshe&#8221; kurulu\u015funun sorumlulu\u011fundad\u0131r ve Avrupa Birli\u011fi ve uygulay\u0131c\u0131 ortak Birle\u015fmi\u015f Milletler Kalk\u0131nma Program\u0131&#8217;n\u0131n (UNDP) g\u00f6r\u00fc\u015flerini yans\u0131tmayabilir.<\/p>\n<p>EC Ma Ndryshe taraf\u0131ndan uygulanan &#8220;Kosova&#8217;n\u0131n k\u00fclt\u00fcrel bir miras\u0131, Dolama&#8221; projesi, Avrupa Birli\u011fi D\u0131\u015f Politika Arac\u0131 (FPI) taraf\u0131ndan finanse edilen &#8220;Topluluklar Aras\u0131 Diyalog ve Sosyal Uyum i\u00e7in bir S\u00fcr\u00fcc\u00fc&#8221; ve Avrupa Birli\u011fi D\u0131\u015f Politika Arac\u0131 (FPI) taraf\u0131ndan finanse edilen \u201cTopluluklar Aras\u0131 Diyalog ve Sosyal Uyum i\u00e7in Bir S\u00fcr\u00fcc\u00fc olarak K\u00fclt\u00fcrel Miras\u201d projesinin mali hibesinin bir par\u00e7as\u0131d\u0131r ve Birle\u015fmi\u015f Milletler Kalk\u0131nma Program\u0131 (UNDP) taraf\u0131ndan uygulanmaktad\u0131r.[\/vc_column_text][vc_empty_space height=&#8221;10px&#8221;][\/vc_column][\/vc_row][vc_row top=&#8221;20px&#8221; bottom=&#8221;20px&#8221;][vc_column][vc_column_text][\/vc_column_text][\/vc_column][\/vc_row][vc_row top=&#8221;10px&#8221; bottom=&#8221;10px&#8221; bg_color=&#8221;#0a0a0a&#8221;][vc_column][vc_column_text]<\/p>\n<p style=\"text-align: center;\">\u00a9 2022\u00a0<a title=\"EC Ma Ndryshe\" href=\"https:\/\/www.ecmandryshe.org\/\" rel=\"nofollow\">EC Ma Ndryshe<\/a><\/p>\n<p>[\/vc_column_text][\/vc_column][\/vc_row]<\/p>\n","protected":false},"excerpt":{"rendered":"<p>[vc_row top=&#8221;1px&#8221; bottom=&#8221;1px&#8221;][vc_column][vc_empty_space height=&#8221;5px&#8221;][\/vc_column][\/vc_row][vc_row full_content_width=&#8221;row-inner-full&#8221; parallax_bg=&#8221;parallax-bg&#8221; bg_cover=&#8221;cover&#8221; bg_repeat=&#8221;no-repeat&#8221; bg_position=&#8221;Center bottom&#8221; textalign=&#8221;center&#8221; top=&#8221;130px&#8221; bottom=&#8221;130px&#8221; font_color=&#8221;#ffffff&#8221; bg_color=&#8221;#3a281c&#8221; bg_image=&#8221;2039&#8243;][vc_column][vc_empty_space height=&#8221;160px&#8221;][vc_column_text]24 aday\u0131n &#8220;Dollama Yap\u0131m\u0131&#8221; el sanatlar\u0131 e\u011fitimini tamamlad\u0131\u011f\u0131n\u0131 duyurmaktan heyecan duyuyoruz. \u00d6zel sipari\u015finiz i\u00e7in a\u015fa\u011f\u0131daki ba\u011flant\u0131dan her biri ile ileti\u015fime ge\u00e7ebilirsiniz:[\/vc_column_text][vc_empty_space height=&#8221;40px&#8221;][mnky_button title=&#8221;Sertifikal\u0131 Adaylar&#8221; bg_color=&#8221;#d12035&#8243; color=&#8221;#ffffff&#8221; bg_hover_color=&#8221;flat-watermelon&#8221; icon_type=&#8221;entypo&#8221; css_animation=&#8221;left-to-right&#8221; icon_entypo=&#8221;entypo-icon entypo-icon-user-add&#8221; link=&#8221;url:https%3A%2F%2Fdollama.org%2Fthe-training%2F&#8221;][\/vc_column][\/vc_row][vc_row bottom=&#8221;35px&#8221; bg_color=&#8221;#ffffff&#8221;][vc_column css=&#8221;.vc_custom_1663096618030{background-color: #ffffff !important;}&#8221;][vc_row_inner][vc_column_inner width=&#8221;1\/12&#8243;][vc_empty_space height=&#8221;50px&#8221;][\/vc_column_inner][vc_column_inner [&hellip;]<\/p>\n","protected":false},"author":1,"featured_media":0,"parent":0,"menu_order":0,"comment_status":"open","ping_status":"open","template":"page-full-width.php","meta":[],"_links":{"self":[{"href":"https:\/\/dollama.org\/tr\/wp-json\/wp\/v2\/pages\/2347"}],"collection":[{"href":"https:\/\/dollama.org\/tr\/wp-json\/wp\/v2\/pages"}],"about":[{"href":"https:\/\/dollama.org\/tr\/wp-json\/wp\/v2\/types\/page"}],"author":[{"embeddable":true,"href":"https:\/\/dollama.org\/tr\/wp-json\/wp\/v2\/users\/1"}],"replies":[{"embeddable":true,"href":"https:\/\/dollama.org\/tr\/wp-json\/wp\/v2\/comments?post=2347"}],"version-history":[{"count":19,"href":"https:\/\/dollama.org\/tr\/wp-json\/wp\/v2\/pages\/2347\/revisions"}],"predecessor-version":[{"id":2522,"href":"https:\/\/dollama.org\/tr\/wp-json\/wp\/v2\/pages\/2347\/revisions\/2522"}],"wp:attachment":[{"href":"https:\/\/dollama.org\/tr\/wp-json\/wp\/v2\/media?parent=2347"}],"curies":[{"name":"wp","href":"https:\/\/api.w.org\/{rel}","templated":true}]}}